{"id":2407,"date":"2023-04-18T10:31:06","date_gmt":"2023-04-18T10:31:06","guid":{"rendered":"https:\/\/www.gattarella.it\/?page_id=2407"},"modified":"2024-03-30T10:24:44","modified_gmt":"2024-03-30T10:24:44","slug":"wo-wir-sind","status":"publish","type":"page","link":"https:\/\/www.gattarella.it\/de\/wo-wir-sind\/","title":{"rendered":"Wo wir sind"},"content":{"rendered":"<section class=\"l-section wpb_row us_custom_db9acf03 height_auto width_full color_primary with_img\"><div class=\"l-section-img\" role=\"img\" aria-label=\"Bild\" data-img-width=\"1980\" data-img-height=\"1318\" style=\"background-image: url(https:\/\/www.gattarella.it\/wp-content\/uploads\/2023\/04\/gattarella-family-resort-00003.jpg);background-repeat: no-repeat;\"><\/div><div class=\"l-section-h i-cf\"><div class=\"g-cols vc_row via_flex valign_middle type_default stacking_default\"><div class=\"vc_col-sm-12 wpb_column vc_column_container\"><div class=\"vc_column-inner\"><div class=\"wpb_wrapper\"><nav class=\"g-breadcrumbs separator_icon align_center\"><div class=\"g-breadcrumbs-item\"><a href=\"https:\/\/www.gattarella.it\/de\/\">Start<\/a><meta content=\"1\"\/><\/div><div class=\"g-breadcrumbs-separator\"><i class=\"far fa-angle-right\"><\/i><\/div><div class=\"g-breadcrumbs-item\">Seiten<\/div><\/nav><h1 class=\"w-text us_custom_efcf8efa\"><span class=\"w-text-h\"><span class=\"w-text-value\">Wo wir sind<\/span><\/span><\/h1><\/div><\/div><\/div><\/div><\/div><\/section><section class=\"l-section wpb_row height_auto\"><div class=\"l-section-h i-cf\"><div class=\"g-cols vc_row via_flex valign_top type_default stacking_default\"><div class=\"vc_col-sm-2 wpb_column vc_column_container\"><div class=\"vc_column-inner\"><div class=\"wpb_wrapper\"><div class=\"w-separator size_medium\"><\/div><div class=\"w-image us_custom_31128078 align_left\"><div class=\"w-image-h\"><img decoding=\"async\" width=\"300\" height=\"207\" src=\"https:\/\/www.gattarella.it\/wp-content\/uploads\/2023\/04\/logo-gattarella-puglia-300x207.png\" class=\"attachment-medium size-medium\" alt=\"\" loading=\"lazy\" srcset=\"https:\/\/www.gattarella.it\/wp-content\/uploads\/2023\/04\/logo-gattarella-puglia-300x207.png 300w, https:\/\/www.gattarella.it\/wp-content\/uploads\/2023\/04\/logo-gattarella-puglia.png 354w\" sizes=\"auto, (max-width: 300px) 100vw, 300px\" \/><\/div><\/div><div class=\"w-separator size_medium\"><\/div><div class=\"wpb_text_column us_custom_10cde4aa\"><div class=\"wpb_wrapper\"><p>Gattarella Resort<br \/>\nLocalit\u00e0 Lama le Canne, snc<br \/>\n71019 Vieste (FG) Italia<br \/>\nphone +39 0884 703111<br \/>\ne-mail: <a href=\"mailto:info@gattarella.it\">info@gattarella.it<\/a><\/p>\n<p><a href=\"https:\/\/www.gattarella.it\">gattarella.it<\/a><\/p>\n<\/div><\/div><\/div><\/div><\/div><div class=\"vc_col-sm-10 wpb_column vc_column_container\"><div class=\"vc_column-inner\"><div class=\"wpb_wrapper\"><div class=\"w-separator size_medium\"><\/div>[vc_raw_html]JTNDaWZyYW1lJTIwc3JjJTNEJTIyaHR0cHMlM0ElMkYlMkZ3d3cuZ29vZ2xlLmNvbSUyRm1hcHMlMkZlbWJlZCUzRnBiJTNEJTIxMW0xOCUyMTFtMTIlMjExbTMlMjExZDI5NzIuNTI2NDU5MjMzMTA4NyUyMTJkMTYuMTgyNTk3NzEyOTU5ODU0JTIxM2Q0MS44Mzg0OTM5Njc3NzEwMyUyMTJtMyUyMTFmMCUyMTJmMCUyMTNmMCUyMTNtMiUyMTFpMTAyNCUyMTJpNzY4JTIxNGYxMy4xJTIxM20zJTIxMW0yJTIxMXMweDEzMzdjN2JjZGZmOGI1OTUlMjUzQTB4Zjg4ZmYyNzYxMTU3NzBjJTIxMnNHYXR0YXJlbGxhJTI1MjBSZXNvcnQlMjE1ZTAlMjEzbTIlMjExc2l0JTIxMnNpdCUyMTR2MTY4NDYwMjUyMTE4OSUyMTVtMiUyMTFzaXQlMjEyc2l0JTIyJTIwd2lkdGglM0QlMjIxMDAlMjUlMjIlMjBoZWlnaHQlM0QlMjI0NTAlMjIlMjBzdHlsZSUzRCUyMmJvcmRlciUzQTAlM0IlMjIlMjBhbGxvd2Z1bGxzY3JlZW4lM0QlMjIlMjIlMjBsb2FkaW5nJTNEJTIybGF6eSUyMiUyMHJlZmVycmVycG9saWN5JTNEJTIybm8tcmVmZXJyZXItd2hlbi1kb3duZ3JhZGUlMjIlM0UlM0MlMkZpZnJhbWUlM0U=[\/vc_raw_html]<div class=\"w-separator size_medium\"><\/div><\/div><\/div><\/div><\/div><\/div><\/section><section class=\"l-section wpb_row height_auto\"><div class=\"l-section-h i-cf\"><div class=\"g-cols vc_row via_flex valign_top type_default stacking_default\"><div class=\"vc_col-sm-12 wpb_column vc_column_container\"><div class=\"vc_column-inner\"><div class=\"wpb_wrapper\"><div class=\"w-separator size_medium\"><\/div><section class=\"l-section wpb_row height_auto\"><div class=\"l-section-h i-cf\"><div class=\"g-cols vc_row via_flex valign_top type_default stacking_default\"><div class=\"vc_col-sm-12 wpb_column vc_column_container\"><div class=\"vc_column-inner\"><div class=\"wpb_wrapper\"><div class=\"wpb_text_column us_custom_25c4f557\"><div class=\"wpb_wrapper\"><p style=\"text-align: center;\">Im Vordergrund<\/p>\n<\/div><\/div><div class=\"w-separator size_medium\"><\/div><div class=\"w-grid us_grid type_grid layout_586 cols_3 preload_style_spinner\" id=\"us_grid_1\" style=\"--columns:3;--gap:0rem;\"><style>@media (max-width:1024px){#us_grid_1{--columns:2!important}}@media (max-width:600px){#us_grid_1{--columns:1!important}}.layout_586 .w-grid-item-h{box-shadow:0 0rem 0rem rgba(0,0,0,0.1),0 0rem 0rem rgba(0,0,0,0.1);transition-duration:0.3s}.no-touch .layout_586 .w-grid-item-h:hover{box-shadow:0 0.08rem 0.16rem rgba(0,0,0,0.1),0 0.27rem 0.8rem rgba(0,0,0,0.15);z-index:4}.layout_586 .usg_post_image_1{margin-bottom:0.5rem!important}.layout_586 .usg_post_title_1{text-align:center!important;font-size:1rem!important;font-family:var(--font-family)!important;font-weight:500!important}.layout_586 .usg_hwrapper_1{padding-bottom:20px!important}.layout_586 .usg_image_1{width:40px!important;height:40px!important}<\/style><div class=\"w-grid-list\">\t<article class=\"w-grid-item size_1x1 post-2333 page type-page status-publish has-post-thumbnail hentry\" data-id=\"2333\">\r\n\t\t<div class=\"w-grid-item-h\">\r\n\t\t\t\t\t\t<div class=\"w-post-elm post_image usg_post_image_1 has_ratio\"><a href=\"https:\/\/www.gattarella.it\/de\/strand\/\" aria-label=\"Strand\"><img loading=\"lazy\" decoding=\"async\" width=\"1024\" height=\"900\" src=\"https:\/\/www.gattarella.it\/wp-content\/uploads\/2023\/04\/gattarella-primopiano-1.jpg\" class=\"attachment-large size-large wp-post-image\" alt=\"\" \/><\/a><div style=\"padding-bottom:100%\"><\/div><\/div><div class=\"w-hwrapper usg_hwrapper_1 align_center valign_middle\" style=\"--hwrapper-gap:1.20rem\"><p class=\"w-post-elm post_title usg_post_title_1 align_center entry-title color_link_inherit\"><a href=\"https:\/\/www.gattarella.it\/de\/strand\/\">Strand<\/a><\/p><div class=\"w-image usg_image_1 has_height\"><div class=\"w-image-h\"><img decoding=\"async\" width=\"150\" height=\"150\" src=\"https:\/\/www.gattarella.it\/wp-content\/uploads\/2023\/04\/freccia-arancio-150x150.png\" class=\"attachment-thumbnail size-thumbnail\" alt=\"\" loading=\"lazy\" srcset=\"https:\/\/www.gattarella.it\/wp-content\/uploads\/2023\/04\/freccia-arancio-150x150.png 150w, https:\/\/www.gattarella.it\/wp-content\/uploads\/2023\/04\/freccia-arancio.png 300w\" sizes=\"auto, (max-width: 150px) 100vw, 150px\" \/><\/div><\/div><\/div>\t\t<\/div>\r\n\t\t\t<\/article>\r\n\t<article class=\"w-grid-item size_1x1 post-2323 page type-page status-publish has-post-thumbnail hentry\" data-id=\"2323\">\r\n\t\t<div class=\"w-grid-item-h\">\r\n\t\t\t\t\t\t<div class=\"w-post-elm post_image usg_post_image_1 has_ratio\"><a href=\"https:\/\/www.gattarella.it\/de\/aktivitaeten\/kinderanimation\/die-welt-der-kinder\/\" aria-label=\"Die Welt der Kinder\"><img loading=\"lazy\" decoding=\"async\" width=\"1024\" height=\"900\" src=\"https:\/\/www.gattarella.it\/wp-content\/uploads\/2023\/04\/gattarella-primopiano-2.jpg\" class=\"attachment-large size-large wp-post-image\" alt=\"\" \/><\/a><div style=\"padding-bottom:100%\"><\/div><\/div><div class=\"w-hwrapper usg_hwrapper_1 align_center valign_middle\" style=\"--hwrapper-gap:1.20rem\"><p class=\"w-post-elm post_title usg_post_title_1 align_center entry-title color_link_inherit\"><a href=\"https:\/\/www.gattarella.it\/de\/aktivitaeten\/kinderanimation\/die-welt-der-kinder\/\">Die Welt der Kinder<\/a><\/p><div class=\"w-image usg_image_1 has_height\"><div class=\"w-image-h\"><img decoding=\"async\" width=\"150\" height=\"150\" src=\"https:\/\/www.gattarella.it\/wp-content\/uploads\/2023\/04\/freccia-arancio-150x150.png\" class=\"attachment-thumbnail size-thumbnail\" alt=\"\" loading=\"lazy\" srcset=\"https:\/\/www.gattarella.it\/wp-content\/uploads\/2023\/04\/freccia-arancio-150x150.png 150w, https:\/\/www.gattarella.it\/wp-content\/uploads\/2023\/04\/freccia-arancio.png 300w\" sizes=\"auto, (max-width: 150px) 100vw, 150px\" \/><\/div><\/div><\/div>\t\t<\/div>\r\n\t\t\t<\/article>\r\n\t<article class=\"w-grid-item size_1x1 post-2384 page type-page status-publish has-post-thumbnail hentry\" data-id=\"2384\">\r\n\t\t<div class=\"w-grid-item-h\">\r\n\t\t\t\t\t\t<div class=\"w-post-elm post_image usg_post_image_1 has_ratio\"><a href=\"https:\/\/www.gattarella.it\/de\/restaurants-und-cafes\/\" aria-label=\"Restaurants und caf\u00e9s\"><img loading=\"lazy\" decoding=\"async\" width=\"1024\" height=\"900\" src=\"https:\/\/www.gattarella.it\/wp-content\/uploads\/2023\/04\/gattarella-primopiano-3.jpg\" class=\"attachment-large size-large wp-post-image\" alt=\"\" \/><\/a><div style=\"padding-bottom:100%\"><\/div><\/div><div class=\"w-hwrapper usg_hwrapper_1 align_center valign_middle\" style=\"--hwrapper-gap:1.20rem\"><p class=\"w-post-elm post_title usg_post_title_1 align_center entry-title color_link_inherit\"><a href=\"https:\/\/www.gattarella.it\/de\/restaurants-und-cafes\/\">Restaurants und caf\u00e9s<\/a><\/p><div class=\"w-image usg_image_1 has_height\"><div class=\"w-image-h\"><img decoding=\"async\" width=\"150\" height=\"150\" src=\"https:\/\/www.gattarella.it\/wp-content\/uploads\/2023\/04\/freccia-arancio-150x150.png\" class=\"attachment-thumbnail size-thumbnail\" alt=\"\" loading=\"lazy\" srcset=\"https:\/\/www.gattarella.it\/wp-content\/uploads\/2023\/04\/freccia-arancio-150x150.png 150w, https:\/\/www.gattarella.it\/wp-content\/uploads\/2023\/04\/freccia-arancio.png 300w\" sizes=\"auto, (max-width: 150px) 100vw, 150px\" \/><\/div><\/div><\/div>\t\t<\/div>\r\n\t\t\t<\/article>\r\n\t<article class=\"w-grid-item size_1x1 post-2330 page type-page status-publish has-post-thumbnail hentry\" data-id=\"2330\">\r\n\t\t<div class=\"w-grid-item-h\">\r\n\t\t\t\t\t\t<div class=\"w-post-elm post_image usg_post_image_1 has_ratio\"><a href=\"https:\/\/www.gattarella.it\/de\/familienhotel-in-apulien\/tierfreunde\/\" aria-label=\"Tierfreunde\"><img loading=\"lazy\" decoding=\"async\" width=\"1024\" height=\"900\" src=\"https:\/\/www.gattarella.it\/wp-content\/uploads\/2023\/04\/gattarella-primopiano-4.jpg\" class=\"attachment-large size-large wp-post-image\" alt=\"\" \/><\/a><div style=\"padding-bottom:100%\"><\/div><\/div><div class=\"w-hwrapper usg_hwrapper_1 align_center valign_middle\" style=\"--hwrapper-gap:1.20rem\"><p class=\"w-post-elm post_title usg_post_title_1 align_center entry-title color_link_inherit\"><a href=\"https:\/\/www.gattarella.it\/de\/familienhotel-in-apulien\/tierfreunde\/\">Tierfreunde<\/a><\/p><div class=\"w-image usg_image_1 has_height\"><div class=\"w-image-h\"><img decoding=\"async\" width=\"150\" height=\"150\" src=\"https:\/\/www.gattarella.it\/wp-content\/uploads\/2023\/04\/freccia-arancio-150x150.png\" class=\"attachment-thumbnail size-thumbnail\" alt=\"\" loading=\"lazy\" srcset=\"https:\/\/www.gattarella.it\/wp-content\/uploads\/2023\/04\/freccia-arancio-150x150.png 150w, https:\/\/www.gattarella.it\/wp-content\/uploads\/2023\/04\/freccia-arancio.png 300w\" sizes=\"auto, (max-width: 150px) 100vw, 150px\" \/><\/div><\/div><\/div>\t\t<\/div>\r\n\t\t\t<\/article>\r\n\t<article class=\"w-grid-item size_1x1 post-2336 page type-page status-publish has-post-thumbnail hentry\" data-id=\"2336\">\r\n\t\t<div class=\"w-grid-item-h\">\r\n\t\t\t\t\t\t<div class=\"w-post-elm post_image usg_post_image_1 has_ratio\"><a href=\"https:\/\/www.gattarella.it\/de\/aktivitaeten\/\" aria-label=\"Aktivit\u00e4ten\"><img loading=\"lazy\" decoding=\"async\" width=\"1024\" height=\"900\" src=\"https:\/\/www.gattarella.it\/wp-content\/uploads\/2023\/04\/gattarella-primopiano-5.jpg\" class=\"attachment-large size-large wp-post-image\" alt=\"\" \/><\/a><div style=\"padding-bottom:100%\"><\/div><\/div><div class=\"w-hwrapper usg_hwrapper_1 align_center valign_middle\" style=\"--hwrapper-gap:1.20rem\"><p class=\"w-post-elm post_title usg_post_title_1 align_center entry-title color_link_inherit\"><a href=\"https:\/\/www.gattarella.it\/de\/aktivitaeten\/\">Aktivit\u00e4ten<\/a><\/p><div class=\"w-image usg_image_1 has_height\"><div class=\"w-image-h\"><img decoding=\"async\" width=\"150\" height=\"150\" src=\"https:\/\/www.gattarella.it\/wp-content\/uploads\/2023\/04\/freccia-arancio-150x150.png\" class=\"attachment-thumbnail size-thumbnail\" alt=\"\" loading=\"lazy\" srcset=\"https:\/\/www.gattarella.it\/wp-content\/uploads\/2023\/04\/freccia-arancio-150x150.png 150w, https:\/\/www.gattarella.it\/wp-content\/uploads\/2023\/04\/freccia-arancio.png 300w\" sizes=\"auto, (max-width: 150px) 100vw, 150px\" \/><\/div><\/div><\/div>\t\t<\/div>\r\n\t\t\t<\/article>\r\n\t<article class=\"w-grid-item size_1x1 post-2402 page type-page status-publish has-post-thumbnail hentry\" data-id=\"2402\">\r\n\t\t<div class=\"w-grid-item-h\">\r\n\t\t\t\t\t\t<div class=\"w-post-elm post_image usg_post_image_1 has_ratio\"><a href=\"https:\/\/www.gattarella.it\/de\/radeln\/\" aria-label=\"Radeln\"><img loading=\"lazy\" decoding=\"async\" width=\"1024\" height=\"900\" src=\"https:\/\/www.gattarella.it\/wp-content\/uploads\/2023\/04\/gattarella-primopiano-6.jpg\" class=\"attachment-large size-large wp-post-image\" alt=\"\" \/><\/a><div style=\"padding-bottom:100%\"><\/div><\/div><div class=\"w-hwrapper usg_hwrapper_1 align_center valign_middle\" style=\"--hwrapper-gap:1.20rem\"><p class=\"w-post-elm post_title usg_post_title_1 align_center entry-title color_link_inherit\"><a href=\"https:\/\/www.gattarella.it\/de\/radeln\/\">Radeln<\/a><\/p><div class=\"w-image usg_image_1 has_height\"><div class=\"w-image-h\"><img decoding=\"async\" width=\"150\" height=\"150\" src=\"https:\/\/www.gattarella.it\/wp-content\/uploads\/2023\/04\/freccia-arancio-150x150.png\" class=\"attachment-thumbnail size-thumbnail\" alt=\"\" loading=\"lazy\" srcset=\"https:\/\/www.gattarella.it\/wp-content\/uploads\/2023\/04\/freccia-arancio-150x150.png 150w, https:\/\/www.gattarella.it\/wp-content\/uploads\/2023\/04\/freccia-arancio.png 300w\" sizes=\"auto, (max-width: 150px) 100vw, 150px\" \/><\/div><\/div><\/div>\t\t<\/div>\r\n\t\t\t<\/article>\r\n\t<article class=\"w-grid-item size_1x1 post-2345 page type-page status-publish has-post-thumbnail hentry\" data-id=\"2345\">\r\n\t\t<div class=\"w-grid-item-h\">\r\n\t\t\t\t\t\t<div class=\"w-post-elm post_image usg_post_image_1 has_ratio\"><a href=\"https:\/\/www.gattarella.it\/de\/aktivitaeten\/pools\/\" aria-label=\"Pools\"><img loading=\"lazy\" decoding=\"async\" width=\"1024\" height=\"900\" src=\"https:\/\/www.gattarella.it\/wp-content\/uploads\/2023\/04\/gattarella-primopiano-7.jpg\" class=\"attachment-large size-large wp-post-image\" alt=\"\" \/><\/a><div style=\"padding-bottom:100%\"><\/div><\/div><div class=\"w-hwrapper usg_hwrapper_1 align_center valign_middle\" style=\"--hwrapper-gap:1.20rem\"><p class=\"w-post-elm post_title usg_post_title_1 align_center entry-title color_link_inherit\"><a href=\"https:\/\/www.gattarella.it\/de\/aktivitaeten\/pools\/\">Pools<\/a><\/p><div class=\"w-image usg_image_1 has_height\"><div class=\"w-image-h\"><img decoding=\"async\" width=\"150\" height=\"150\" src=\"https:\/\/www.gattarella.it\/wp-content\/uploads\/2023\/04\/freccia-arancio-150x150.png\" class=\"attachment-thumbnail size-thumbnail\" alt=\"\" loading=\"lazy\" srcset=\"https:\/\/www.gattarella.it\/wp-content\/uploads\/2023\/04\/freccia-arancio-150x150.png 150w, https:\/\/www.gattarella.it\/wp-content\/uploads\/2023\/04\/freccia-arancio.png 300w\" sizes=\"auto, (max-width: 150px) 100vw, 150px\" \/><\/div><\/div><\/div>\t\t<\/div>\r\n\t\t\t<\/article>\r\n\t<article class=\"w-grid-item size_1x1 post-2424 page type-page status-publish has-post-thumbnail hentry\" data-id=\"2424\">\r\n\t\t<div class=\"w-grid-item-h\">\r\n\t\t\t\t\t\t<div class=\"w-post-elm post_image usg_post_image_1 has_ratio\"><a href=\"https:\/\/www.gattarella.it\/de\/entspannen-und-pflegen\/wellnessbereich\/\" aria-label=\"Wellnessbereich\"><img loading=\"lazy\" decoding=\"async\" width=\"1024\" height=\"900\" src=\"https:\/\/www.gattarella.it\/wp-content\/uploads\/2023\/04\/gattarella-primopiano-8.jpg\" class=\"attachment-large size-large wp-post-image\" alt=\"\" \/><\/a><div style=\"padding-bottom:100%\"><\/div><\/div><div class=\"w-hwrapper usg_hwrapper_1 align_center valign_middle\" style=\"--hwrapper-gap:1.20rem\"><p class=\"w-post-elm post_title usg_post_title_1 align_center entry-title color_link_inherit\"><a href=\"https:\/\/www.gattarella.it\/de\/entspannen-und-pflegen\/wellnessbereich\/\">Wellnessbereich<\/a><\/p><div class=\"w-image usg_image_1 has_height\"><div class=\"w-image-h\"><img decoding=\"async\" width=\"150\" height=\"150\" src=\"https:\/\/www.gattarella.it\/wp-content\/uploads\/2023\/04\/freccia-arancio-150x150.png\" class=\"attachment-thumbnail size-thumbnail\" alt=\"\" loading=\"lazy\" srcset=\"https:\/\/www.gattarella.it\/wp-content\/uploads\/2023\/04\/freccia-arancio-150x150.png 150w, https:\/\/www.gattarella.it\/wp-content\/uploads\/2023\/04\/freccia-arancio.png 300w\" sizes=\"auto, (max-width: 150px) 100vw, 150px\" \/><\/div><\/div><\/div>\t\t<\/div>\r\n\t\t\t<\/article>\r\n\t<article class=\"w-grid-item size_1x1 post-2419 page type-page status-publish has-post-thumbnail hentry\" data-id=\"2419\">\r\n\t\t<div class=\"w-grid-item-h\">\r\n\t\t\t\t\t\t<div class=\"w-post-elm post_image usg_post_image_1 has_ratio\"><a href=\"https:\/\/www.gattarella.it\/de\/dorfkarte\/\" aria-label=\"Dorfkarte\"><img loading=\"lazy\" decoding=\"async\" width=\"1024\" height=\"900\" src=\"https:\/\/www.gattarella.it\/wp-content\/uploads\/2023\/04\/gattarella-primopiano-9.jpg\" class=\"attachment-large size-large wp-post-image\" alt=\"\" \/><\/a><div style=\"padding-bottom:100%\"><\/div><\/div><div class=\"w-hwrapper usg_hwrapper_1 align_center valign_middle\" style=\"--hwrapper-gap:1.20rem\"><p class=\"w-post-elm post_title usg_post_title_1 align_center entry-title color_link_inherit\"><a href=\"https:\/\/www.gattarella.it\/de\/dorfkarte\/\">Dorfkarte<\/a><\/p><div class=\"w-image usg_image_1 has_height\"><div class=\"w-image-h\"><img decoding=\"async\" width=\"150\" height=\"150\" src=\"https:\/\/www.gattarella.it\/wp-content\/uploads\/2023\/04\/freccia-arancio-150x150.png\" class=\"attachment-thumbnail size-thumbnail\" alt=\"\" loading=\"lazy\" srcset=\"https:\/\/www.gattarella.it\/wp-content\/uploads\/2023\/04\/freccia-arancio-150x150.png 150w, https:\/\/www.gattarella.it\/wp-content\/uploads\/2023\/04\/freccia-arancio.png 300w\" sizes=\"auto, (max-width: 150px) 100vw, 150px\" \/><\/div><\/div><\/div>\t\t<\/div>\r\n\t\t\t<\/article>\r\n<\/div>\t<div class=\"w-grid-preloader\">\r\n\t\t<div class=\"g-preloader type_1\">\r\n\t\t\t<div><\/div>\r\n\t\t<\/div>\r\n\t<\/div>\r\n\t\t<div class=\"w-grid-json hidden\" onclick='return {&quot;action&quot;:&quot;us_ajax_grid&quot;,&quot;infinite_scroll&quot;:0,&quot;max_num_pages&quot;:1,&quot;pagination&quot;:&quot;none&quot;,&quot;template_vars&quot;:{&quot;columns&quot;:&quot;3&quot;,&quot;exclude_items&quot;:&quot;none&quot;,&quot;img_size&quot;:&quot;default&quot;,&quot;ignore_items_size&quot;:0,&quot;items_layout&quot;:&quot;586&quot;,&quot;items_offset&quot;:&quot;1&quot;,&quot;load_animation&quot;:&quot;none&quot;,&quot;overriding_link&quot;:&quot;{\\&quot;url\\&quot;:\\&quot;\\&quot;}&quot;,&quot;post_id&quot;:2468,&quot;query_args&quot;:{&quot;ignore_sticky_posts&quot;:1,&quot;post_type&quot;:&quot;any&quot;,&quot;post__in&quot;:[&quot;13&quot;,&quot;444&quot;,&quot;19&quot;,&quot;620&quot;,&quot;15&quot;,&quot;23&quot;,&quot;1244&quot;,&quot;616&quot;,&quot;1239&quot;],&quot;posts_per_page&quot;:&quot;9&quot;},&quot;orderby_query_args&quot;:{&quot;orderby&quot;:{&quot;post__in&quot;:&quot;ASC&quot;},&quot;order&quot;:&quot;ASC&quot;},&quot;type&quot;:&quot;grid&quot;,&quot;us_grid_post_type&quot;:&quot;ids&quot;,&quot;us_grid_ajax_index&quot;:1,&quot;us_grid_filter_query_string&quot;:null,&quot;us_grid_index&quot;:1,&quot;page_args&quot;:[],&quot;lang&quot;:&quot;de&quot;}}'><\/div>\r\n\t<\/div><\/div><\/div><\/div><\/div><\/div><\/section>\n<div class=\"w-separator size_medium\"><\/div><\/div><\/div><\/div><\/div><\/div><\/section>\n","protected":false},"excerpt":{"rendered":"StartSeitenDorfkarte Der Gattarella-H\u00fcgel Hotel Das Hotel verf\u00fcgt \u00fcber 139 Zimmer, darunter: 6 Suite Vista mare 23 Family Seaside 18 Deluxe Plus Vista mare 55 Deluxe vista mare 2 Family deluxe vista mare 6 Family deluxe Parco 28 Family Parco 1 Family Executive Parco Residence Die Residenz besteht aus 97 Wohneinheiten, darunter: 4 Wohnungen Classic Parco...","protected":false},"author":1,"featured_media":0,"parent":0,"menu_order":0,"comment_status":"closed","ping_status":"closed","template":"","meta":{"_acf_changed":false,"footnotes":""},"class_list":["post-2407","page","type-page","status-publish","hentry"],"acf":[],"yoast_head":"<!-- This site is optimized with the Yoast SEO plugin v27.5 - https:\/\/yoast.com\/product\/yoast-seo-wordpress\/ -->\n<title>Wo wir sind | Gattarella Family Resort<\/title>\n<meta name=\"robots\" content=\"index, follow, max-snippet:-1, max-image-preview:large, max-video-preview:-1\" \/>\n<link rel=\"canonical\" href=\"https:\/\/www.gattarella.it\/de\/wo-wir-sind\/\" \/>\n<meta property=\"og:locale\" content=\"de_DE\" \/>\n<meta property=\"og:type\" content=\"article\" \/>\n<meta property=\"og:title\" content=\"Wo wir sind | Gattarella Family Resort\" \/>\n<meta property=\"og:url\" content=\"https:\/\/www.gattarella.it\/de\/wo-wir-sind\/\" \/>\n<meta property=\"og:site_name\" content=\"Gattarella Family Resort\" \/>\n<meta property=\"article:publisher\" content=\"https:\/\/www.facebook.com\/Gattarella.family\" \/>\n<meta property=\"article:modified_time\" content=\"2024-03-30T10:24:44+00:00\" \/>\n<meta property=\"og:image\" content=\"https:\/\/www.gattarella.it\/wp-content\/uploads\/2026\/01\/villa.jpg\" \/>\n\t<meta property=\"og:image:width\" content=\"1920\" \/>\n\t<meta property=\"og:image:height\" content=\"1280\" \/>\n\t<meta property=\"og:image:type\" content=\"image\/jpeg\" \/>\n<meta name=\"twitter:card\" content=\"summary_large_image\" \/>\n<script type=\"application\/ld+json\" class=\"yoast-schema-graph\">{\"@context\":\"https:\\\/\\\/schema.org\",\"@graph\":[{\"@type\":\"WebPage\",\"@id\":\"https:\\\/\\\/www.gattarella.it\\\/de\\\/wo-wir-sind\\\/\",\"url\":\"https:\\\/\\\/www.gattarella.it\\\/de\\\/wo-wir-sind\\\/\",\"name\":\"Wo wir sind | Gattarella Family Resort\",\"isPartOf\":{\"@id\":\"https:\\\/\\\/www.gattarella.it\\\/de\\\/#website\"},\"datePublished\":\"2023-04-18T10:31:06+00:00\",\"dateModified\":\"2024-03-30T10:24:44+00:00\",\"breadcrumb\":{\"@id\":\"https:\\\/\\\/www.gattarella.it\\\/de\\\/wo-wir-sind\\\/#breadcrumb\"},\"inLanguage\":\"de\",\"potentialAction\":[{\"@type\":\"ReadAction\",\"target\":[\"https:\\\/\\\/www.gattarella.it\\\/de\\\/wo-wir-sind\\\/\"]}]},{\"@type\":\"BreadcrumbList\",\"@id\":\"https:\\\/\\\/www.gattarella.it\\\/de\\\/wo-wir-sind\\\/#breadcrumb\",\"itemListElement\":[{\"@type\":\"ListItem\",\"position\":1,\"name\":\"home\",\"item\":\"https:\\\/\\\/www.gattarella.it\\\/de\\\/\"},{\"@type\":\"ListItem\",\"position\":2,\"name\":\"Wo wir sind\"}]},{\"@type\":\"WebSite\",\"@id\":\"https:\\\/\\\/www.gattarella.it\\\/de\\\/#website\",\"url\":\"https:\\\/\\\/www.gattarella.it\\\/de\\\/\",\"name\":\"Gattarella Family Resort\",\"description\":\"\",\"potentialAction\":[{\"@type\":\"SearchAction\",\"target\":{\"@type\":\"EntryPoint\",\"urlTemplate\":\"https:\\\/\\\/www.gattarella.it\\\/de\\\/?s={search_term_string}\"},\"query-input\":{\"@type\":\"PropertyValueSpecification\",\"valueRequired\":true,\"valueName\":\"search_term_string\"}}],\"inLanguage\":\"de\"}]}<\/script>\n<!-- \/ Yoast SEO plugin. -->","yoast_head_json":{"title":"Wo wir sind | Gattarella Family Resort","robots":{"index":"index","follow":"follow","max-snippet":"max-snippet:-1","max-image-preview":"max-image-preview:large","max-video-preview":"max-video-preview:-1"},"canonical":"https:\/\/www.gattarella.it\/de\/wo-wir-sind\/","og_locale":"de_DE","og_type":"article","og_title":"Wo wir sind | Gattarella Family Resort","og_url":"https:\/\/www.gattarella.it\/de\/wo-wir-sind\/","og_site_name":"Gattarella Family Resort","article_publisher":"https:\/\/www.facebook.com\/Gattarella.family","article_modified_time":"2024-03-30T10:24:44+00:00","og_image":[{"width":1920,"height":1280,"url":"https:\/\/www.gattarella.it\/wp-content\/uploads\/2026\/01\/villa.jpg","type":"image\/jpeg"}],"twitter_card":"summary_large_image","schema":{"@context":"https:\/\/schema.org","@graph":[{"@type":"WebPage","@id":"https:\/\/www.gattarella.it\/de\/wo-wir-sind\/","url":"https:\/\/www.gattarella.it\/de\/wo-wir-sind\/","name":"Wo wir sind | Gattarella Family Resort","isPartOf":{"@id":"https:\/\/www.gattarella.it\/de\/#website"},"datePublished":"2023-04-18T10:31:06+00:00","dateModified":"2024-03-30T10:24:44+00:00","breadcrumb":{"@id":"https:\/\/www.gattarella.it\/de\/wo-wir-sind\/#breadcrumb"},"inLanguage":"de","potentialAction":[{"@type":"ReadAction","target":["https:\/\/www.gattarella.it\/de\/wo-wir-sind\/"]}]},{"@type":"BreadcrumbList","@id":"https:\/\/www.gattarella.it\/de\/wo-wir-sind\/#breadcrumb","itemListElement":[{"@type":"ListItem","position":1,"name":"home","item":"https:\/\/www.gattarella.it\/de\/"},{"@type":"ListItem","position":2,"name":"Wo wir sind"}]},{"@type":"WebSite","@id":"https:\/\/www.gattarella.it\/de\/#website","url":"https:\/\/www.gattarella.it\/de\/","name":"Gattarella Family Resort","description":"","potentialAction":[{"@type":"SearchAction","target":{"@type":"EntryPoint","urlTemplate":"https:\/\/www.gattarella.it\/de\/?s={search_term_string}"},"query-input":{"@type":"PropertyValueSpecification","valueRequired":true,"valueName":"search_term_string"}}],"inLanguage":"de"}]}},"_links":{"self":[{"href":"https:\/\/www.gattarella.it\/de\/wp-json\/wp\/v2\/pages\/2407","targetHints":{"allow":["GET"]}}],"collection":[{"href":"https:\/\/www.gattarella.it\/de\/wp-json\/wp\/v2\/pages"}],"about":[{"href":"https:\/\/www.gattarella.it\/de\/wp-json\/wp\/v2\/types\/page"}],"author":[{"embeddable":true,"href":"https:\/\/www.gattarella.it\/de\/wp-json\/wp\/v2\/users\/1"}],"replies":[{"embeddable":true,"href":"https:\/\/www.gattarella.it\/de\/wp-json\/wp\/v2\/comments?post=2407"}],"version-history":[{"count":1,"href":"https:\/\/www.gattarella.it\/de\/wp-json\/wp\/v2\/pages\/2407\/revisions"}],"predecessor-version":[{"id":2409,"href":"https:\/\/www.gattarella.it\/de\/wp-json\/wp\/v2\/pages\/2407\/revisions\/2409"}],"wp:attachment":[{"href":"https:\/\/www.gattarella.it\/de\/wp-json\/wp\/v2\/media?parent=2407"}],"curies":[{"name":"wp","href":"https:\/\/api.w.org\/{rel}","templated":true}]}}