{"id":2419,"date":"2023-05-21T15:17:21","date_gmt":"2023-05-21T15:17:21","guid":{"rendered":"https:\/\/www.gattarella.it\/?page_id=2419"},"modified":"2026-04-24T15:01:04","modified_gmt":"2026-04-24T15:01:04","slug":"dorfkarte","status":"publish","type":"page","link":"https:\/\/www.gattarella.it\/de\/dorfkarte\/","title":{"rendered":"Dorfkarte"},"content":{"rendered":"<section class=\"l-section wpb_row height_auto\"><div class=\"l-section-h i-cf\"><div class=\"g-cols vc_row via_flex valign_top type_default stacking_default\"><div class=\"vc_col-sm-12 wpb_column vc_column_container\"><div class=\"vc_column-inner\"><div class=\"wpb_wrapper\"><div class=\"w-separator size_small\"><\/div><nav class=\"g-breadcrumbs separator_icon align_center\"><div class=\"g-breadcrumbs-item\"><a href=\"https:\/\/www.gattarella.it\/de\/\">Start<\/a><meta content=\"1\"\/><\/div><div class=\"g-breadcrumbs-separator\"><i class=\"far fa-angle-right\"><\/i><\/div><div class=\"g-breadcrumbs-item\">Seiten<\/div><\/nav><div class=\"wpb_text_column\"><div class=\"wpb_wrapper\"><h1 style=\"text-align: center;\">Dorfkarte<\/h1>\n<p style=\"text-align: center;\"><strong>Der Gattarella-H\u00fcgel<\/strong><\/p>\n<\/div><\/div><\/div><\/div><\/div><\/div><\/div><\/section><section class=\"l-section wpb_row height_small\"><div class=\"l-section-h i-cf\"><div class=\"g-cols vc_row via_flex valign_top type_default stacking_default\"><div class=\"vc_col-sm-12 wpb_column vc_column_container\"><div class=\"vc_column-inner\"><div class=\"wpb_wrapper\"><div class=\"w-image style_shadow-2 align_center\"><a ref=\"magnificPopup\" href=\"https:\/\/www.gattarella.it\/wp-content\/uploads\/2026\/03\/mappa-gattarella-09_03_2026.jpg\" aria-label=\"mappa gattarella 09_03_2026\" class=\"w-image-h\"><div class=\"w-image-shadow\" style=\"background-image:url(https:\/\/www.gattarella.it\/wp-content\/uploads\/2026\/03\/mappa-gattarella-09_03_2026.jpg);\"><\/div><img decoding=\"async\" width=\"4961\" height=\"3508\" src=\"https:\/\/www.gattarella.it\/wp-content\/uploads\/2026\/03\/mappa-gattarella-09_03_2026.jpg\" class=\"attachment-full size-full\" alt=\"\" loading=\"lazy\" srcset=\"https:\/\/www.gattarella.it\/wp-content\/uploads\/2026\/03\/mappa-gattarella-09_03_2026.jpg 4961w, https:\/\/www.gattarella.it\/wp-content\/uploads\/2026\/03\/mappa-gattarella-09_03_2026-300x212.jpg 300w, https:\/\/www.gattarella.it\/wp-content\/uploads\/2026\/03\/mappa-gattarella-09_03_2026-1024x724.jpg 1024w, https:\/\/www.gattarella.it\/wp-content\/uploads\/2026\/03\/mappa-gattarella-09_03_2026-1448x1024.jpg 1448w\" sizes=\"auto, (max-width: 4961px) 100vw, 4961px\" \/><\/a><\/div><\/div><\/div><\/div><\/div><\/div><\/section><section class=\"l-section wpb_row height_small\"><div class=\"l-section-h i-cf\"><div class=\"g-cols vc_row via_flex valign_top type_default stacking_default\"><div class=\"vc_col-sm-3 wpb_column vc_column_container\"><div class=\"vc_column-inner\"><div class=\"wpb_wrapper\"><div class=\"wpb_text_column\"><div class=\"wpb_wrapper\"><h2>Hotel<\/h2>\n<p>Das Hotel verf\u00fcgt \u00fcber 139 Zimmer, darunter:<\/p>\n<ul>\n<li>6 Suite Vista mare<\/li>\n<li>23 Family Seaside<\/li>\n<li>18 Deluxe Plus Vista mare<\/li>\n<li>55 Deluxe vista mare<\/li>\n<li>2 Family deluxe vista mare<\/li>\n<li>6 Family deluxe Parco<\/li>\n<li>28 Family Parco<\/li>\n<li>1 Family Executive Parco<\/li>\n<\/ul>\n<\/div><\/div><\/div><\/div><\/div><div class=\"vc_col-sm-3 wpb_column vc_column_container\"><div class=\"vc_column-inner\"><div class=\"wpb_wrapper\"><div class=\"wpb_text_column\"><div class=\"wpb_wrapper\"><h2>Residence<\/h2>\n<p>Die Residenz besteht aus 97 Wohneinheiten, darunter:<\/p>\n<ul>\n<li>4 Wohnungen Classic Parco<\/li>\n<li>42 Wohnungen Family Superior Parco<\/li>\n<li>39 Wohnungen Pineta 4<\/li>\n<li>12 Wohnungen Pineta 2<\/li>\n<\/ul>\n<\/div><\/div><\/div><\/div><\/div><div class=\"vc_col-sm-3 wpb_column vc_column_container\"><div class=\"vc_column-inner\"><div class=\"wpb_wrapper\"><div class=\"wpb_text_column\"><div class=\"wpb_wrapper\"><h2>Ville<\/h2>\n<p class=\"p1\">Die Villen sind insgesamt 8, davon:<\/p>\n<ul>\n<li>4 Villen \u201eSplendida\u201c mit Pool<\/li>\n<li>4 Villen \u201eEleganti\u201c<\/li>\n<\/ul>\n<\/div><\/div><\/div><\/div><\/div><div class=\"vc_col-sm-3 wpb_column vc_column_container\"><div class=\"vc_column-inner\"><div class=\"wpb_wrapper\"><div class=\"wpb_text_column\"><div class=\"wpb_wrapper\"><h2>Andere Einrichtungen<\/h2>\n<p>3 Restaurants<br \/>\n3 Takte<br \/>\n2 Schwimmb\u00e4der<br \/>\n1 Privatstrand<br \/>\n1 Freilichttheater<br \/>\n1 Boutique<br \/>\n1 M\u00fcnzw\u00e4scherei<\/p>\n<\/div><\/div><\/div><\/div><\/div><\/div><\/div><\/section><section class=\"l-section wpb_row height_auto\"><div class=\"l-section-h i-cf\"><div class=\"g-cols vc_row via_flex valign_top type_default stacking_default\"><div class=\"vc_col-sm-12 wpb_column vc_column_container\"><div class=\"vc_column-inner\"><div class=\"wpb_wrapper\"><div class=\"wpb_text_column\"><div class=\"wpb_wrapper\"><p style=\"text-align: center;\">Die Zimmer liegen alle im Schatten eines Pinienwaldes und auf einem H\u00fcgel mit Blick auf das Meer.<br \/>\nJedes Zimmer ist mit Telefon, Minibar, LED-TV, digitalem Safe, Haartrockner und Pflegeprodukten ausgestattet.<\/p>\n<\/div><\/div><div class=\"w-separator size_medium\"><\/div><div class=\"w-btn-wrapper align_center\"><a class=\"w-btn us-btn-style_1 icon_atleft\" href=\"https:\/\/www.gattarella.it\/wp-content\/uploads\/2026\/03\/mappa-gattarella_2026.pdf\"><i class=\"fal fa-file-pdf\"><\/i><span class=\"w-btn-label\">Download Dorfkarte<\/span><\/a><\/div><\/div><\/div><\/div><\/div><\/div><\/section>\n","protected":false},"excerpt":{"rendered":"StartSeitenDorfkarte Der Gattarella-H\u00fcgel Hotel Das Hotel verf\u00fcgt \u00fcber 139 Zimmer, darunter: 6 Suite Vista mare 23 Family Seaside 18 Deluxe Plus Vista mare 55 Deluxe vista mare 2 Family deluxe vista mare 6 Family deluxe Parco 28 Family Parco 1 Family Executive Parco Residence Die Residenz besteht aus 97 Wohneinheiten, darunter: 4 Wohnungen Classic Parco...","protected":false},"author":1,"featured_media":2420,"parent":0,"menu_order":0,"comment_status":"closed","ping_status":"closed","template":"","meta":{"_acf_changed":false,"footnotes":""},"class_list":["post-2419","page","type-page","status-publish","has-post-thumbnail","hentry"],"acf":[],"yoast_head":"<!-- This site is optimized with the Yoast SEO plugin v27.6 - https:\/\/yoast.com\/product\/yoast-seo-wordpress\/ -->\n<title>Dorfkarte | Gattarella Family Resort<\/title>\n<meta name=\"robots\" content=\"index, follow, max-snippet:-1, max-image-preview:large, max-video-preview:-1\" \/>\n<link rel=\"canonical\" href=\"https:\/\/www.gattarella.it\/de\/dorfkarte\/\" \/>\n<meta property=\"og:locale\" content=\"de_DE\" \/>\n<meta property=\"og:type\" content=\"article\" \/>\n<meta property=\"og:title\" content=\"Dorfkarte | Gattarella Family Resort\" \/>\n<meta property=\"og:url\" content=\"https:\/\/www.gattarella.it\/de\/dorfkarte\/\" \/>\n<meta property=\"og:site_name\" content=\"Gattarella Family Resort\" \/>\n<meta property=\"article:publisher\" content=\"https:\/\/www.facebook.com\/Gattarella.family\" \/>\n<meta property=\"article:modified_time\" content=\"2026-04-24T15:01:04+00:00\" \/>\n<meta property=\"og:image\" content=\"https:\/\/www.gattarella.it\/wp-content\/uploads\/2023\/04\/gattarella-primopiano-9.jpg\" \/>\n\t<meta property=\"og:image:width\" content=\"1024\" \/>\n\t<meta property=\"og:image:height\" content=\"900\" \/>\n\t<meta property=\"og:image:type\" content=\"image\/jpeg\" \/>\n<meta name=\"twitter:card\" content=\"summary_large_image\" \/>\n<meta name=\"twitter:label1\" content=\"Gesch\u00e4tzte Lesezeit\" \/>\n\t<meta name=\"twitter:data1\" content=\"2\u00a0Minuten\" \/>\n<script type=\"application\/ld+json\" class=\"yoast-schema-graph\">{\"@context\":\"https:\\\/\\\/schema.org\",\"@graph\":[{\"@type\":\"WebPage\",\"@id\":\"https:\\\/\\\/www.gattarella.it\\\/de\\\/dorfkarte\\\/\",\"url\":\"https:\\\/\\\/www.gattarella.it\\\/de\\\/dorfkarte\\\/\",\"name\":\"Dorfkarte | Gattarella Family Resort\",\"isPartOf\":{\"@id\":\"https:\\\/\\\/www.gattarella.it\\\/de\\\/#website\"},\"primaryImageOfPage\":{\"@id\":\"https:\\\/\\\/www.gattarella.it\\\/de\\\/dorfkarte\\\/#primaryimage\"},\"image\":{\"@id\":\"https:\\\/\\\/www.gattarella.it\\\/de\\\/dorfkarte\\\/#primaryimage\"},\"thumbnailUrl\":\"https:\\\/\\\/www.gattarella.it\\\/wp-content\\\/uploads\\\/2023\\\/04\\\/gattarella-primopiano-9.jpg\",\"datePublished\":\"2023-05-21T15:17:21+00:00\",\"dateModified\":\"2026-04-24T15:01:04+00:00\",\"breadcrumb\":{\"@id\":\"https:\\\/\\\/www.gattarella.it\\\/de\\\/dorfkarte\\\/#breadcrumb\"},\"inLanguage\":\"de\",\"potentialAction\":[{\"@type\":\"ReadAction\",\"target\":[\"https:\\\/\\\/www.gattarella.it\\\/de\\\/dorfkarte\\\/\"]}]},{\"@type\":\"ImageObject\",\"inLanguage\":\"de\",\"@id\":\"https:\\\/\\\/www.gattarella.it\\\/de\\\/dorfkarte\\\/#primaryimage\",\"url\":\"https:\\\/\\\/www.gattarella.it\\\/wp-content\\\/uploads\\\/2023\\\/04\\\/gattarella-primopiano-9.jpg\",\"contentUrl\":\"https:\\\/\\\/www.gattarella.it\\\/wp-content\\\/uploads\\\/2023\\\/04\\\/gattarella-primopiano-9.jpg\",\"width\":1024,\"height\":900},{\"@type\":\"BreadcrumbList\",\"@id\":\"https:\\\/\\\/www.gattarella.it\\\/de\\\/dorfkarte\\\/#breadcrumb\",\"itemListElement\":[{\"@type\":\"ListItem\",\"position\":1,\"name\":\"home\",\"item\":\"https:\\\/\\\/www.gattarella.it\\\/de\\\/\"},{\"@type\":\"ListItem\",\"position\":2,\"name\":\"Dorfkarte\"}]},{\"@type\":\"WebSite\",\"@id\":\"https:\\\/\\\/www.gattarella.it\\\/de\\\/#website\",\"url\":\"https:\\\/\\\/www.gattarella.it\\\/de\\\/\",\"name\":\"Gattarella Family Resort\",\"description\":\"\",\"potentialAction\":[{\"@type\":\"SearchAction\",\"target\":{\"@type\":\"EntryPoint\",\"urlTemplate\":\"https:\\\/\\\/www.gattarella.it\\\/de\\\/?s={search_term_string}\"},\"query-input\":{\"@type\":\"PropertyValueSpecification\",\"valueRequired\":true,\"valueName\":\"search_term_string\"}}],\"inLanguage\":\"de\"}]}<\/script>\n<!-- \/ Yoast SEO plugin. -->","yoast_head_json":{"title":"Dorfkarte | Gattarella Family Resort","robots":{"index":"index","follow":"follow","max-snippet":"max-snippet:-1","max-image-preview":"max-image-preview:large","max-video-preview":"max-video-preview:-1"},"canonical":"https:\/\/www.gattarella.it\/de\/dorfkarte\/","og_locale":"de_DE","og_type":"article","og_title":"Dorfkarte | Gattarella Family Resort","og_url":"https:\/\/www.gattarella.it\/de\/dorfkarte\/","og_site_name":"Gattarella Family Resort","article_publisher":"https:\/\/www.facebook.com\/Gattarella.family","article_modified_time":"2026-04-24T15:01:04+00:00","og_image":[{"width":1024,"height":900,"url":"https:\/\/www.gattarella.it\/wp-content\/uploads\/2023\/04\/gattarella-primopiano-9.jpg","type":"image\/jpeg"}],"twitter_card":"summary_large_image","twitter_misc":{"Gesch\u00e4tzte Lesezeit":"2\u00a0Minuten"},"schema":{"@context":"https:\/\/schema.org","@graph":[{"@type":"WebPage","@id":"https:\/\/www.gattarella.it\/de\/dorfkarte\/","url":"https:\/\/www.gattarella.it\/de\/dorfkarte\/","name":"Dorfkarte | Gattarella Family Resort","isPartOf":{"@id":"https:\/\/www.gattarella.it\/de\/#website"},"primaryImageOfPage":{"@id":"https:\/\/www.gattarella.it\/de\/dorfkarte\/#primaryimage"},"image":{"@id":"https:\/\/www.gattarella.it\/de\/dorfkarte\/#primaryimage"},"thumbnailUrl":"https:\/\/www.gattarella.it\/wp-content\/uploads\/2023\/04\/gattarella-primopiano-9.jpg","datePublished":"2023-05-21T15:17:21+00:00","dateModified":"2026-04-24T15:01:04+00:00","breadcrumb":{"@id":"https:\/\/www.gattarella.it\/de\/dorfkarte\/#breadcrumb"},"inLanguage":"de","potentialAction":[{"@type":"ReadAction","target":["https:\/\/www.gattarella.it\/de\/dorfkarte\/"]}]},{"@type":"ImageObject","inLanguage":"de","@id":"https:\/\/www.gattarella.it\/de\/dorfkarte\/#primaryimage","url":"https:\/\/www.gattarella.it\/wp-content\/uploads\/2023\/04\/gattarella-primopiano-9.jpg","contentUrl":"https:\/\/www.gattarella.it\/wp-content\/uploads\/2023\/04\/gattarella-primopiano-9.jpg","width":1024,"height":900},{"@type":"BreadcrumbList","@id":"https:\/\/www.gattarella.it\/de\/dorfkarte\/#breadcrumb","itemListElement":[{"@type":"ListItem","position":1,"name":"home","item":"https:\/\/www.gattarella.it\/de\/"},{"@type":"ListItem","position":2,"name":"Dorfkarte"}]},{"@type":"WebSite","@id":"https:\/\/www.gattarella.it\/de\/#website","url":"https:\/\/www.gattarella.it\/de\/","name":"Gattarella Family Resort","description":"","potentialAction":[{"@type":"SearchAction","target":{"@type":"EntryPoint","urlTemplate":"https:\/\/www.gattarella.it\/de\/?s={search_term_string}"},"query-input":{"@type":"PropertyValueSpecification","valueRequired":true,"valueName":"search_term_string"}}],"inLanguage":"de"}]}},"_links":{"self":[{"href":"https:\/\/www.gattarella.it\/de\/wp-json\/wp\/v2\/pages\/2419","targetHints":{"allow":["GET"]}}],"collection":[{"href":"https:\/\/www.gattarella.it\/de\/wp-json\/wp\/v2\/pages"}],"about":[{"href":"https:\/\/www.gattarella.it\/de\/wp-json\/wp\/v2\/types\/page"}],"author":[{"embeddable":true,"href":"https:\/\/www.gattarella.it\/de\/wp-json\/wp\/v2\/users\/1"}],"replies":[{"embeddable":true,"href":"https:\/\/www.gattarella.it\/de\/wp-json\/wp\/v2\/comments?post=2419"}],"version-history":[{"count":14,"href":"https:\/\/www.gattarella.it\/de\/wp-json\/wp\/v2\/pages\/2419\/revisions"}],"predecessor-version":[{"id":4201,"href":"https:\/\/www.gattarella.it\/de\/wp-json\/wp\/v2\/pages\/2419\/revisions\/4201"}],"wp:featuredmedia":[{"embeddable":true,"href":"https:\/\/www.gattarella.it\/de\/wp-json\/wp\/v2\/media\/2420"}],"wp:attachment":[{"href":"https:\/\/www.gattarella.it\/de\/wp-json\/wp\/v2\/media?parent=2419"}],"curies":[{"name":"wp","href":"https:\/\/api.w.org\/{rel}","templated":true}]}}