{"id":2436,"date":"2023-05-28T15:17:36","date_gmt":"2023-05-28T15:17:36","guid":{"rendered":"https:\/\/www.gattarella.it\/?page_id=2436"},"modified":"2024-03-30T10:57:08","modified_gmt":"2024-03-30T10:57:08","slug":"anfrage-geschickt","status":"publish","type":"page","link":"https:\/\/www.gattarella.it\/de\/anfrage-geschickt\/","title":{"rendered":"Anfrage geschickt"},"content":{"rendered":"<section class=\"l-section wpb_row height_small\"><div class=\"l-section-h i-cf\"><div class=\"g-cols vc_row via_flex valign_top type_default stacking_default\"><div class=\"vc_col-sm-12 wpb_column vc_column_container\"><div class=\"vc_column-inner\"><div class=\"wpb_wrapper\"><div class=\"wpb_text_column\"><div class=\"wpb_wrapper\"><div class=\"elementor-element elementor-element-2ced62c8 elementor-widget elementor-widget-text-editor\" data-id=\"2ced62c8\" data-element_type=\"text-editor.default\">\n<div class=\"elementor-widget-container\">\n<div class=\"elementor-text-editor elementor-clearfix\">\n<p style=\"text-align: center;\"><strong><span class=\"HwtZe\" lang=\"de\"><span class=\"jCAhz ChMk0b\"><span class=\"ryNqvb\">DANKE SCH\u00d6N!<\/span><\/span> <span class=\"jCAhz ChMk0b\"><span class=\"ryNqvb\">WIR HABEN ERHALTEN<\/span><\/span><\/span><\/strong><\/p>\n<\/div>\n<\/div>\n<\/div>\n<div class=\"elementor-element elementor-element-7e1731f1 elementor-widget elementor-widget-text-editor\" style=\"text-align: center;\" data-id=\"7e1731f1\" data-element_type=\"text-editor.default\">\n<div class=\"elementor-widget-container\">\n<div class=\"elementor-text-editor elementor-clearfix\">\n<p><strong><span class=\"HwtZe\" lang=\"de\"><span class=\"jCAhz ChMk0b\"><span class=\"ryNqvb\">IHRE ANFRAGE RICHTIG<\/span><\/span><\/span> <img decoding=\"async\" class=\"emoji\" draggable=\"false\" src=\"https:\/\/s.w.org\/images\/core\/emoji\/11.2.0\/svg\/1f642.svg\" alt=\"\ud83d\ude42\" \/><\/strong><\/p>\n<\/div>\n<\/div>\n<\/div>\n<p style=\"text-align: center;\"><span class=\"HwtZe\" lang=\"de\"><span class=\"jCAhz ChMk0b\"><span class=\"ryNqvb\">Wir werden Ihnen in K\u00fcrze eine E-Mail mit unserem besten detaillierten Angebot f\u00fcr Ihren Aufenthalt im Gattarella Resort in Vieste senden.<\/span><\/span> <\/span><\/p>\n<p style=\"text-align: center;\"><span class=\"HwtZe\" lang=\"de\"><span class=\"jCAhz ChMk0b\"><span class=\"ryNqvb\">(Denken Sie immer daran, auch Ihren Spam zu \u00fcberpr\u00fcfen! Und wenn Sie Gmail verwenden, sehen Sie sich auch die Registerkarte \u201eWerbung\u201c an.)<\/span><\/span><\/span><\/p>\n<div class=\"elementor-element elementor-element-5dec00ee elementor-widget elementor-widget-text-editor\" data-id=\"5dec00ee\" data-element_type=\"text-editor.default\">\n<p style=\"text-align: center;\">\n<\/div>\n<\/div><\/div><\/div><\/div><\/div><\/div><\/div><\/section>\n","protected":false},"excerpt":{"rendered":"DANKE SCH\u00d6N! WIR HABEN ERHALTEN IHRE ANFRAGE RICHTIG Wir werden Ihnen in K\u00fcrze eine E-Mail mit unserem besten detaillierten Angebot f\u00fcr Ihren Aufenthalt im Gattarella Resort in Vieste senden. (Denken Sie immer daran, auch Ihren Spam zu \u00fcberpr\u00fcfen! Und wenn Sie Gmail verwenden, sehen Sie sich auch die Registerkarte \u201eWerbung\u201c an.)","protected":false},"author":1,"featured_media":0,"parent":0,"menu_order":0,"comment_status":"closed","ping_status":"closed","template":"","meta":{"_acf_changed":false,"footnotes":""},"class_list":["post-2436","page","type-page","status-publish","hentry"],"acf":[],"yoast_head":"<!-- This site is optimized with the Yoast SEO plugin v27.4 - https:\/\/yoast.com\/product\/yoast-seo-wordpress\/ -->\n<title>Anfrage geschickt | Gattarella Family Resort<\/title>\n<meta name=\"robots\" content=\"index, follow, max-snippet:-1, max-image-preview:large, max-video-preview:-1\" \/>\n<link rel=\"canonical\" href=\"https:\/\/www.gattarella.it\/de\/anfrage-geschickt\/\" \/>\n<meta property=\"og:locale\" content=\"de_DE\" \/>\n<meta property=\"og:type\" content=\"article\" \/>\n<meta property=\"og:title\" content=\"Anfrage geschickt | Gattarella Family Resort\" \/>\n<meta property=\"og:url\" content=\"https:\/\/www.gattarella.it\/de\/anfrage-geschickt\/\" \/>\n<meta property=\"og:site_name\" content=\"Gattarella Family Resort\" \/>\n<meta property=\"article:publisher\" content=\"https:\/\/www.facebook.com\/Gattarella.family\" \/>\n<meta property=\"article:modified_time\" content=\"2024-03-30T10:57:08+00:00\" \/>\n<meta property=\"og:image\" content=\"https:\/\/s.w.org\/images\/core\/emoji\/11.2.0\/svg\/1f642.svg\" \/>\n<meta name=\"twitter:card\" content=\"summary_large_image\" \/>\n<meta name=\"twitter:label1\" content=\"Gesch\u00e4tzte Lesezeit\" \/>\n\t<meta name=\"twitter:data1\" content=\"1\u00a0Minute\" \/>\n<script type=\"application\/ld+json\" class=\"yoast-schema-graph\">{\"@context\":\"https:\\\/\\\/schema.org\",\"@graph\":[{\"@type\":\"WebPage\",\"@id\":\"https:\\\/\\\/www.gattarella.it\\\/de\\\/anfrage-geschickt\\\/\",\"url\":\"https:\\\/\\\/www.gattarella.it\\\/de\\\/anfrage-geschickt\\\/\",\"name\":\"Anfrage geschickt | Gattarella Family Resort\",\"isPartOf\":{\"@id\":\"https:\\\/\\\/www.gattarella.it\\\/de\\\/#website\"},\"primaryImageOfPage\":{\"@id\":\"https:\\\/\\\/www.gattarella.it\\\/de\\\/anfrage-geschickt\\\/#primaryimage\"},\"image\":{\"@id\":\"https:\\\/\\\/www.gattarella.it\\\/de\\\/anfrage-geschickt\\\/#primaryimage\"},\"thumbnailUrl\":\"https:\\\/\\\/s.w.org\\\/images\\\/core\\\/emoji\\\/11.2.0\\\/svg\\\/1f642.svg\",\"datePublished\":\"2023-05-28T15:17:36+00:00\",\"dateModified\":\"2024-03-30T10:57:08+00:00\",\"breadcrumb\":{\"@id\":\"https:\\\/\\\/www.gattarella.it\\\/de\\\/anfrage-geschickt\\\/#breadcrumb\"},\"inLanguage\":\"de\",\"potentialAction\":[{\"@type\":\"ReadAction\",\"target\":[\"https:\\\/\\\/www.gattarella.it\\\/de\\\/anfrage-geschickt\\\/\"]}]},{\"@type\":\"ImageObject\",\"inLanguage\":\"de\",\"@id\":\"https:\\\/\\\/www.gattarella.it\\\/de\\\/anfrage-geschickt\\\/#primaryimage\",\"url\":\"https:\\\/\\\/s.w.org\\\/images\\\/core\\\/emoji\\\/11.2.0\\\/svg\\\/1f642.svg\",\"contentUrl\":\"https:\\\/\\\/s.w.org\\\/images\\\/core\\\/emoji\\\/11.2.0\\\/svg\\\/1f642.svg\"},{\"@type\":\"BreadcrumbList\",\"@id\":\"https:\\\/\\\/www.gattarella.it\\\/de\\\/anfrage-geschickt\\\/#breadcrumb\",\"itemListElement\":[{\"@type\":\"ListItem\",\"position\":1,\"name\":\"home\",\"item\":\"https:\\\/\\\/www.gattarella.it\\\/de\\\/\"},{\"@type\":\"ListItem\",\"position\":2,\"name\":\"Anfrage geschickt\"}]},{\"@type\":\"WebSite\",\"@id\":\"https:\\\/\\\/www.gattarella.it\\\/de\\\/#website\",\"url\":\"https:\\\/\\\/www.gattarella.it\\\/de\\\/\",\"name\":\"Gattarella Family Resort\",\"description\":\"\",\"potentialAction\":[{\"@type\":\"SearchAction\",\"target\":{\"@type\":\"EntryPoint\",\"urlTemplate\":\"https:\\\/\\\/www.gattarella.it\\\/de\\\/?s={search_term_string}\"},\"query-input\":{\"@type\":\"PropertyValueSpecification\",\"valueRequired\":true,\"valueName\":\"search_term_string\"}}],\"inLanguage\":\"de\"}]}<\/script>\n<!-- \/ Yoast SEO plugin. -->","yoast_head_json":{"title":"Anfrage geschickt | Gattarella Family Resort","robots":{"index":"index","follow":"follow","max-snippet":"max-snippet:-1","max-image-preview":"max-image-preview:large","max-video-preview":"max-video-preview:-1"},"canonical":"https:\/\/www.gattarella.it\/de\/anfrage-geschickt\/","og_locale":"de_DE","og_type":"article","og_title":"Anfrage geschickt | Gattarella Family Resort","og_url":"https:\/\/www.gattarella.it\/de\/anfrage-geschickt\/","og_site_name":"Gattarella Family Resort","article_publisher":"https:\/\/www.facebook.com\/Gattarella.family","article_modified_time":"2024-03-30T10:57:08+00:00","og_image":[{"url":"https:\/\/s.w.org\/images\/core\/emoji\/11.2.0\/svg\/1f642.svg","type":"","width":"","height":""}],"twitter_card":"summary_large_image","twitter_misc":{"Gesch\u00e4tzte Lesezeit":"1\u00a0Minute"},"schema":{"@context":"https:\/\/schema.org","@graph":[{"@type":"WebPage","@id":"https:\/\/www.gattarella.it\/de\/anfrage-geschickt\/","url":"https:\/\/www.gattarella.it\/de\/anfrage-geschickt\/","name":"Anfrage geschickt | Gattarella Family Resort","isPartOf":{"@id":"https:\/\/www.gattarella.it\/de\/#website"},"primaryImageOfPage":{"@id":"https:\/\/www.gattarella.it\/de\/anfrage-geschickt\/#primaryimage"},"image":{"@id":"https:\/\/www.gattarella.it\/de\/anfrage-geschickt\/#primaryimage"},"thumbnailUrl":"https:\/\/s.w.org\/images\/core\/emoji\/11.2.0\/svg\/1f642.svg","datePublished":"2023-05-28T15:17:36+00:00","dateModified":"2024-03-30T10:57:08+00:00","breadcrumb":{"@id":"https:\/\/www.gattarella.it\/de\/anfrage-geschickt\/#breadcrumb"},"inLanguage":"de","potentialAction":[{"@type":"ReadAction","target":["https:\/\/www.gattarella.it\/de\/anfrage-geschickt\/"]}]},{"@type":"ImageObject","inLanguage":"de","@id":"https:\/\/www.gattarella.it\/de\/anfrage-geschickt\/#primaryimage","url":"https:\/\/s.w.org\/images\/core\/emoji\/11.2.0\/svg\/1f642.svg","contentUrl":"https:\/\/s.w.org\/images\/core\/emoji\/11.2.0\/svg\/1f642.svg"},{"@type":"BreadcrumbList","@id":"https:\/\/www.gattarella.it\/de\/anfrage-geschickt\/#breadcrumb","itemListElement":[{"@type":"ListItem","position":1,"name":"home","item":"https:\/\/www.gattarella.it\/de\/"},{"@type":"ListItem","position":2,"name":"Anfrage geschickt"}]},{"@type":"WebSite","@id":"https:\/\/www.gattarella.it\/de\/#website","url":"https:\/\/www.gattarella.it\/de\/","name":"Gattarella Family Resort","description":"","potentialAction":[{"@type":"SearchAction","target":{"@type":"EntryPoint","urlTemplate":"https:\/\/www.gattarella.it\/de\/?s={search_term_string}"},"query-input":{"@type":"PropertyValueSpecification","valueRequired":true,"valueName":"search_term_string"}}],"inLanguage":"de"}]}},"_links":{"self":[{"href":"https:\/\/www.gattarella.it\/de\/wp-json\/wp\/v2\/pages\/2436","targetHints":{"allow":["GET"]}}],"collection":[{"href":"https:\/\/www.gattarella.it\/de\/wp-json\/wp\/v2\/pages"}],"about":[{"href":"https:\/\/www.gattarella.it\/de\/wp-json\/wp\/v2\/types\/page"}],"author":[{"embeddable":true,"href":"https:\/\/www.gattarella.it\/de\/wp-json\/wp\/v2\/users\/1"}],"replies":[{"embeddable":true,"href":"https:\/\/www.gattarella.it\/de\/wp-json\/wp\/v2\/comments?post=2436"}],"version-history":[{"count":1,"href":"https:\/\/www.gattarella.it\/de\/wp-json\/wp\/v2\/pages\/2436\/revisions"}],"predecessor-version":[{"id":2437,"href":"https:\/\/www.gattarella.it\/de\/wp-json\/wp\/v2\/pages\/2436\/revisions\/2437"}],"wp:attachment":[{"href":"https:\/\/www.gattarella.it\/de\/wp-json\/wp\/v2\/media?parent=2436"}],"curies":[{"name":"wp","href":"https:\/\/api.w.org\/{rel}","templated":true}]}}