{"id":2442,"date":"2023-06-07T14:00:39","date_gmt":"2023-06-07T14:00:39","guid":{"rendered":"https:\/\/www.gattarella.it\/?page_id=2442"},"modified":"2024-03-30T11:25:02","modified_gmt":"2024-03-30T11:25:02","slug":"angebote","status":"publish","type":"page","link":"https:\/\/www.gattarella.it\/de\/angebote\/","title":{"rendered":"ANGEBOTE"},"content":{"rendered":"<section class=\"l-section wpb_row us_custom_2eb1a079 height_auto width_full with_img parallax_ver\"><div class=\"l-section-img\" role=\"img\" aria-label=\"Bild\" data-img-width=\"1980\" data-img-height=\"1318\" style=\"background-image: url(https:\/\/www.gattarella.it\/wp-content\/uploads\/2023\/04\/gattarella-family-resort-00003.jpg);\"><\/div><div class=\"l-section-h i-cf\"><div class=\"g-cols vc_row via_flex valign_top type_default stacking_default\"><div class=\"vc_col-sm-12 wpb_column vc_column_container\"><div class=\"vc_column-inner\"><div class=\"wpb_wrapper\"><\/div><\/div><\/div><\/div><\/div><\/section><section class=\"l-section wpb_row us_custom_5a766e27 height_small width_full with_img\"><div class=\"l-section-img\" role=\"img\" aria-label=\"Bild\" data-img-width=\"2756\" data-img-height=\"702\" style=\"background-image: url(https:\/\/www.gattarella.it\/wp-content\/uploads\/2023\/05\/elemgraf2.png);\"><\/div><div class=\"l-section-h i-cf\"><div class=\"g-cols vc_row via_flex valign_top type_default stacking_default\"><div class=\"vc_col-sm-12 wpb_column vc_column_container\"><div class=\"vc_column-inner\"><div class=\"wpb_wrapper\"><nav class=\"g-breadcrumbs separator_icon align_center\"><div class=\"g-breadcrumbs-item\"><a href=\"https:\/\/www.gattarella.it\/de\/\">Start<\/a><meta content=\"1\"\/><\/div><div class=\"g-breadcrumbs-separator\"><i class=\"far fa-angle-right\"><\/i><\/div><div class=\"g-breadcrumbs-item\">Seiten<\/div><\/nav><div class=\"wpb_text_column\"><div class=\"wpb_wrapper\"><h1 style=\"text-align: center;\">ANGEBOTE<\/h1>\n<\/div><\/div><\/div><\/div><\/div><\/div><\/div><\/section><section class=\"l-section wpb_row height_small\"><div class=\"l-section-h i-cf\"><div class=\"g-cols vc_row via_flex valign_top type_default stacking_default\"><div class=\"vc_col-sm-12 wpb_column vc_column_container\"><div class=\"vc_column-inner\"><div class=\"wpb_wrapper\"><div class=\"w-grid us_grid type_grid layout_1544 cols_3 overflow_hidden preload_style_spinner\" id=\"us_grid_1\" style=\"--columns:3;--gap:1.5rem;\" data-filterable=\"true\"><style>@media (max-width:1024px){#us_grid_1{--columns:2!important}}@media (max-width:600px){#us_grid_1{--columns:1!important}}.layout_1544 .w-grid-item-h{background:var(--color-content-bg);color:var(--color-content-heading);border-radius:0.3rem;box-shadow:0 0.03rem 0.06rem rgba(0,0,0,0.1),0 0.1rem 0.3rem rgba(0,0,0,0.1);transition-duration:0.3s}.no-touch .layout_1544 .w-grid-item-h:hover{box-shadow:0 0.12rem 0.24rem rgba(0,0,0,0.1),0 0.4rem 1.2rem rgba(0,0,0,0.15);z-index:4}.layout_1544 .usg_vwrapper_1{padding:5% 8% 8% 8%!important}.layout_1544 .usg_hwrapper_1{margin-bottom:0.2rem!important}.layout_1544 .usg_post_taxonomy_1{font-size:0.6rem!important;font-weight:700!important;text-transform:uppercase!important;margin-right:0.6rem!important}.layout_1544 .usg_post_title_1{color:inherit!important;font-weight:700!important;font-size:1.4rem!important}@media (max-width:600px){.layout_1544 .usg_post_title_1{font-size:1.2rem!important}}<\/style><div class=\"w-grid-list\">\t<article class=\"w-grid-item size_1x1 post-2440 offerte type-offerte status-publish hentry categoria-offerte-angebote\" data-id=\"2440\">\r\n\t\t<div class=\"w-grid-item-h\">\r\n\t\t\t\t\t\t\t<a href=\"https:\/\/www.gattarella.it\/de\/offerte\/urlaub-am-meer-mit-kostenlosem-aufenthalt-fuer-kinder-bis-zu-16-jahren\/\" class=\"w-grid-item-anchor\" aria-label=\"Urlaub am Meer mit kostenlosem Aufenthalt f\u00fcr Kinder bis zu 16 Jahren\"><\/a>\r\n\t\t\t\t\t\t<div class=\"w-vwrapper usg_vwrapper_1 align_none valign_top\" style=\"--vwrapper-gap:0.7rem\"><div class=\"w-hwrapper usg_hwrapper_1 align_none valign_top wrap\" style=\"--hwrapper-gap:1.2rem\"><div class=\"w-post-elm post_taxonomy usg_post_taxonomy_1 style_simple\"><span class=\"term-45 term-angebote\">Angebote<\/span><\/div><\/div><h2 class=\"w-post-elm post_title usg_post_title_1 has_text_color entry-title color_link_inherit\">Urlaub am Meer mit kostenlosem Aufenthalt f\u00fcr Kinder bis zu 16 Jahren<\/h2><div class=\"w-post-elm post_content usg_post_content_1\">Willkommen im Gattarella Resort, einem der idealen Orte in Apulien f\u00fcr einen unvergesslichen Urlaub mit Kindern. Es liegt uns am Herzen, dass sich Ihre Kinder w\u00e4hrend ihres Aufenthalts besonders wohl&hellip;<\/div><\/div>\t\t<\/div>\r\n\t\t\t<\/article>\r\n<\/div>\t<div class=\"w-grid-preloader\">\r\n\t\t<div class=\"g-preloader type_1\">\r\n\t\t\t<div><\/div>\r\n\t\t<\/div>\r\n\t<\/div>\r\n\t\t<div class=\"w-grid-json hidden\" onclick='return {&quot;action&quot;:&quot;us_ajax_grid&quot;,&quot;infinite_scroll&quot;:0,&quot;max_num_pages&quot;:1,&quot;pagination&quot;:&quot;none&quot;,&quot;template_vars&quot;:{&quot;columns&quot;:&quot;3&quot;,&quot;exclude_items&quot;:&quot;none&quot;,&quot;img_size&quot;:&quot;default&quot;,&quot;ignore_items_size&quot;:0,&quot;items_layout&quot;:&quot;1544&quot;,&quot;items_offset&quot;:&quot;1&quot;,&quot;load_animation&quot;:&quot;none&quot;,&quot;overriding_link&quot;:&quot;%7B%22type%22%3A%22post%22%7D&quot;,&quot;post_id&quot;:0,&quot;query_args&quot;:{&quot;post_type&quot;:[&quot;offerte&quot;],&quot;tax_query&quot;:[{&quot;taxonomy&quot;:&quot;categoria-offerte&quot;,&quot;field&quot;:&quot;slug&quot;,&quot;terms&quot;:[&quot;angebote&quot;]}],&quot;post_status&quot;:[&quot;publish&quot;,&quot;acf-disabled&quot;],&quot;posts_per_page&quot;:&quot;6&quot;},&quot;orderby_query_args&quot;:{&quot;orderby&quot;:{&quot;date&quot;:&quot;DESC&quot;}},&quot;type&quot;:&quot;grid&quot;,&quot;us_grid_post_type&quot;:&quot;offerte&quot;,&quot;us_grid_ajax_index&quot;:1,&quot;us_grid_filter_query_string&quot;:null,&quot;us_grid_index&quot;:1,&quot;page_args&quot;:[],&quot;lang&quot;:&quot;de&quot;}}'><\/div>\r\n\t<\/div><\/div><\/div><\/div><\/div><\/div><\/section>\n","protected":false},"excerpt":{"rendered":"Willkommen im Gattarella Resort, einem der idealen Orte in Apulien f\u00fcr einen unvergesslichen Urlaub mit Kindern. Es liegt uns am Herzen, dass sich Ihre Kinder w\u00e4hrend ihres Aufenthalts besonders wohl f\u00fchlen und verw\u00f6hnt werden. Entdecken Sie unser fantastisches Angebot f\u00fcr viel Spa\u00df, Unterhaltung und Abenteuer f\u00fcr Kinder von 0 bis 17 Jahren. Und wir haben...","protected":false},"author":1,"featured_media":0,"parent":0,"menu_order":0,"comment_status":"closed","ping_status":"closed","template":"","meta":{"_acf_changed":false,"footnotes":""},"class_list":["post-2442","page","type-page","status-publish","hentry"],"acf":[],"yoast_head":"<!-- This site is optimized with the Yoast SEO plugin v27.5 - https:\/\/yoast.com\/product\/yoast-seo-wordpress\/ -->\n<title>ANGEBOTE | Gattarella Family Resort<\/title>\n<meta name=\"robots\" content=\"noindex, nofollow\" \/>\n<meta property=\"og:locale\" content=\"de_DE\" \/>\n<meta property=\"og:type\" content=\"article\" \/>\n<meta property=\"og:title\" content=\"ANGEBOTE | Gattarella Family Resort\" \/>\n<meta property=\"og:url\" content=\"https:\/\/www.gattarella.it\/de\/angebote\/\" \/>\n<meta property=\"og:site_name\" content=\"Gattarella Family Resort\" \/>\n<meta property=\"article:publisher\" content=\"https:\/\/www.facebook.com\/Gattarella.family\" \/>\n<meta property=\"article:modified_time\" content=\"2024-03-30T11:25:02+00:00\" \/>\n<meta property=\"og:image\" content=\"https:\/\/www.gattarella.it\/wp-content\/uploads\/2026\/01\/villa.jpg\" \/>\n\t<meta property=\"og:image:width\" content=\"1920\" \/>\n\t<meta property=\"og:image:height\" content=\"1280\" \/>\n\t<meta property=\"og:image:type\" content=\"image\/jpeg\" \/>\n<meta name=\"twitter:card\" content=\"summary_large_image\" \/>\n<meta name=\"twitter:label1\" content=\"Gesch\u00e4tzte Lesezeit\" \/>\n\t<meta name=\"twitter:data1\" content=\"1\u00a0Minute\" \/>\n<script type=\"application\/ld+json\" class=\"yoast-schema-graph\">{\"@context\":\"https:\\\/\\\/schema.org\",\"@graph\":[{\"@type\":\"WebPage\",\"@id\":\"https:\\\/\\\/www.gattarella.it\\\/de\\\/angebote\\\/\",\"url\":\"https:\\\/\\\/www.gattarella.it\\\/de\\\/angebote\\\/\",\"name\":\"ANGEBOTE | Gattarella Family Resort\",\"isPartOf\":{\"@id\":\"https:\\\/\\\/www.gattarella.it\\\/de\\\/#website\"},\"datePublished\":\"2023-06-07T14:00:39+00:00\",\"dateModified\":\"2024-03-30T11:25:02+00:00\",\"breadcrumb\":{\"@id\":\"https:\\\/\\\/www.gattarella.it\\\/de\\\/angebote\\\/#breadcrumb\"},\"inLanguage\":\"de\",\"potentialAction\":[{\"@type\":\"ReadAction\",\"target\":[\"https:\\\/\\\/www.gattarella.it\\\/de\\\/angebote\\\/\"]}]},{\"@type\":\"BreadcrumbList\",\"@id\":\"https:\\\/\\\/www.gattarella.it\\\/de\\\/angebote\\\/#breadcrumb\",\"itemListElement\":[{\"@type\":\"ListItem\",\"position\":1,\"name\":\"home\",\"item\":\"https:\\\/\\\/www.gattarella.it\\\/de\\\/\"},{\"@type\":\"ListItem\",\"position\":2,\"name\":\"ANGEBOTE\"}]},{\"@type\":\"WebSite\",\"@id\":\"https:\\\/\\\/www.gattarella.it\\\/de\\\/#website\",\"url\":\"https:\\\/\\\/www.gattarella.it\\\/de\\\/\",\"name\":\"Gattarella Family Resort\",\"description\":\"\",\"potentialAction\":[{\"@type\":\"SearchAction\",\"target\":{\"@type\":\"EntryPoint\",\"urlTemplate\":\"https:\\\/\\\/www.gattarella.it\\\/de\\\/?s={search_term_string}\"},\"query-input\":{\"@type\":\"PropertyValueSpecification\",\"valueRequired\":true,\"valueName\":\"search_term_string\"}}],\"inLanguage\":\"de\"}]}<\/script>\n<!-- \/ Yoast SEO plugin. -->","yoast_head_json":{"title":"ANGEBOTE | Gattarella Family Resort","robots":{"index":"noindex","follow":"nofollow"},"og_locale":"de_DE","og_type":"article","og_title":"ANGEBOTE | Gattarella Family Resort","og_url":"https:\/\/www.gattarella.it\/de\/angebote\/","og_site_name":"Gattarella Family Resort","article_publisher":"https:\/\/www.facebook.com\/Gattarella.family","article_modified_time":"2024-03-30T11:25:02+00:00","og_image":[{"width":1920,"height":1280,"url":"https:\/\/www.gattarella.it\/wp-content\/uploads\/2026\/01\/villa.jpg","type":"image\/jpeg"}],"twitter_card":"summary_large_image","twitter_misc":{"Gesch\u00e4tzte Lesezeit":"1\u00a0Minute"},"schema":{"@context":"https:\/\/schema.org","@graph":[{"@type":"WebPage","@id":"https:\/\/www.gattarella.it\/de\/angebote\/","url":"https:\/\/www.gattarella.it\/de\/angebote\/","name":"ANGEBOTE | Gattarella Family Resort","isPartOf":{"@id":"https:\/\/www.gattarella.it\/de\/#website"},"datePublished":"2023-06-07T14:00:39+00:00","dateModified":"2024-03-30T11:25:02+00:00","breadcrumb":{"@id":"https:\/\/www.gattarella.it\/de\/angebote\/#breadcrumb"},"inLanguage":"de","potentialAction":[{"@type":"ReadAction","target":["https:\/\/www.gattarella.it\/de\/angebote\/"]}]},{"@type":"BreadcrumbList","@id":"https:\/\/www.gattarella.it\/de\/angebote\/#breadcrumb","itemListElement":[{"@type":"ListItem","position":1,"name":"home","item":"https:\/\/www.gattarella.it\/de\/"},{"@type":"ListItem","position":2,"name":"ANGEBOTE"}]},{"@type":"WebSite","@id":"https:\/\/www.gattarella.it\/de\/#website","url":"https:\/\/www.gattarella.it\/de\/","name":"Gattarella Family Resort","description":"","potentialAction":[{"@type":"SearchAction","target":{"@type":"EntryPoint","urlTemplate":"https:\/\/www.gattarella.it\/de\/?s={search_term_string}"},"query-input":{"@type":"PropertyValueSpecification","valueRequired":true,"valueName":"search_term_string"}}],"inLanguage":"de"}]}},"_links":{"self":[{"href":"https:\/\/www.gattarella.it\/de\/wp-json\/wp\/v2\/pages\/2442","targetHints":{"allow":["GET"]}}],"collection":[{"href":"https:\/\/www.gattarella.it\/de\/wp-json\/wp\/v2\/pages"}],"about":[{"href":"https:\/\/www.gattarella.it\/de\/wp-json\/wp\/v2\/types\/page"}],"author":[{"embeddable":true,"href":"https:\/\/www.gattarella.it\/de\/wp-json\/wp\/v2\/users\/1"}],"replies":[{"embeddable":true,"href":"https:\/\/www.gattarella.it\/de\/wp-json\/wp\/v2\/comments?post=2442"}],"version-history":[{"count":1,"href":"https:\/\/www.gattarella.it\/de\/wp-json\/wp\/v2\/pages\/2442\/revisions"}],"predecessor-version":[{"id":2444,"href":"https:\/\/www.gattarella.it\/de\/wp-json\/wp\/v2\/pages\/2442\/revisions\/2444"}],"wp:attachment":[{"href":"https:\/\/www.gattarella.it\/de\/wp-json\/wp\/v2\/media?parent=2442"}],"curies":[{"name":"wp","href":"https:\/\/api.w.org\/{rel}","templated":true}]}}