{"id":1835,"date":"2023-05-06T10:08:00","date_gmt":"2023-05-06T10:08:00","guid":{"rendered":"https:\/\/www.gattarella.it\/?page_id=1835"},"modified":"2026-01-30T09:35:38","modified_gmt":"2026-01-30T09:35:38","slug":"natolio-the-gattarella-oil","status":"publish","type":"page","link":"https:\/\/www.gattarella.it\/en\/natolio-the-gattarella-oil\/","title":{"rendered":"Natolio, the Gattarella oil"},"content":{"rendered":"<section class=\"l-section wpb_row us_custom_db9acf03 height_auto width_full color_primary with_slider\"><div class=\"l-section-slider\"><div class=\"w-slider style_none fit_cover nav_none count_1\"><div class=\"w-slider-h\" aria-hidden=\"true\"><div class=\"royalSlider\"><div class=\"rsContent\"><a class=\"rsImg\" data-rsw=\"1980\" data-rsh=\"1325\" href=\"https:\/\/www.gattarella.it\/wp-content\/uploads\/2023\/05\/gattarella-family-resort-00070.jpeg\"><span data-alt=\"\"><\/span><\/a><\/div><\/div><img decoding=\"async\" src=\"https:\/\/www.gattarella.it\/wp-content\/uploads\/2023\/05\/gattarella-family-resort-00070.jpeg\" width=\"1980\" height=\"1325\" alt loading=\"lazy\"><\/div><div class=\"w-slider-json\" onclick='return {&quot;autoScaleSlider&quot;:true,&quot;addActiveClass&quot;:true,&quot;loop&quot;:true,&quot;fadeInLoadedSlide&quot;:false,&quot;slidesSpacing&quot;:0,&quot;imageScalePadding&quot;:0,&quot;numImagesToPreload&quot;:2,&quot;arrowsNav&quot;:false,&quot;arrowsNavAutoHide&quot;:false,&quot;transitionType&quot;:&quot;move&quot;,&quot;transitionSpeed&quot;:1000,&quot;block&quot;:{&quot;moveEffect&quot;:&quot;none&quot;,&quot;speed&quot;:300},&quot;thumbs&quot;:{&quot;fitInViewport&quot;:false,&quot;firstMargin&quot;:false,&quot;spacing&quot;:4},&quot;controlNavigation&quot;:&quot;none&quot;,&quot;autoplay&quot;:{&quot;enabled&quot;:true,&quot;pauseOnHover&quot;:false,&quot;delay&quot;:3000},&quot;autoScaleSliderWidth&quot;:1980,&quot;autoScaleSliderHeight&quot;:1325}'><\/div><\/div><\/div><div class=\"l-section-h i-cf\"><div class=\"g-cols vc_row via_flex valign_top type_default stacking_default\"><div class=\"vc_col-sm-12 wpb_column vc_column_container\"><div class=\"vc_column-inner\"><div class=\"wpb_wrapper\"><h1 class=\"w-text us_custom_eb849559\"><span class=\"w-text-h\"><span class=\"w-text-value\">Il Gargano in ogni goccia<\/span><\/span><\/h1><\/div><\/div><\/div><\/div><\/div><\/section><section class=\"l-section wpb_row height_small\"><div class=\"l-section-h i-cf\"><div class=\"g-cols vc_row via_flex valign_top type_default stacking_default\"><div class=\"vc_col-sm-12 wpb_column vc_column_container\"><div class=\"vc_column-inner\"><div class=\"wpb_wrapper\"><div class=\"wpb_text_column us_custom_d7695a54 has_text_color\"><div class=\"wpb_wrapper\"><p style=\"text-align: center;\">L\u2019olio del Gattarella, dai rami alle tavole<\/p>\n<\/div><\/div><div class=\"w-separator size_medium\"><\/div><div class=\"wpb_text_column\"><div class=\"wpb_wrapper\"><p style=\"text-align: center;\">La filiera cortissima del nostro resort per una vacanza dal sapore unico.<br \/>\nAnche quest\u2019anno abbiamo fatto la raccolta delle olive nelle tenute del Gattarella: un rito che ci tramandiamo di generazione in generazione, una festa che riunisce tutta la famiglia per ricevere i doni dei nostri ulivi e fargli prendere la strada del frantoio.<br \/>\n<strong>Per una spremuta di sole e di Gargano che accompagner\u00e0 piatti dei nostri ospiti tutta l\u2019estate.<\/strong><\/p>\n<\/div><\/div><\/div><\/div><\/div><\/div><\/div><\/section><section class=\"l-section wpb_row height_small width_full\"><div class=\"l-section-h i-cf\"><div class=\"g-cols vc_row via_flex valign_top type_default stacking_default\"><div class=\"vc_col-sm-12 wpb_column vc_column_container\"><div class=\"vc_column-inner\"><div class=\"wpb_wrapper\"><div class=\"w-image style_shadow-2 align_center\"><div class=\"w-image-h\"><div class=\"w-image-shadow\" style=\"background-image:url(https:\/\/www.gattarella.it\/wp-content\/uploads\/2026\/01\/gattarella-olio.jpg);\"><\/div><img decoding=\"async\" width=\"3000\" height=\"867\" src=\"https:\/\/www.gattarella.it\/wp-content\/uploads\/2026\/01\/gattarella-olio.jpg\" class=\"attachment-full size-full\" alt=\"\" loading=\"lazy\" srcset=\"https:\/\/www.gattarella.it\/wp-content\/uploads\/2026\/01\/gattarella-olio.jpg 3000w, https:\/\/www.gattarella.it\/wp-content\/uploads\/2026\/01\/gattarella-olio-300x87.jpg 300w, https:\/\/www.gattarella.it\/wp-content\/uploads\/2026\/01\/gattarella-olio-1024x296.jpg 1024w, https:\/\/www.gattarella.it\/wp-content\/uploads\/2026\/01\/gattarella-olio-1980x572.jpg 1980w, https:\/\/www.gattarella.it\/wp-content\/uploads\/2026\/01\/gattarella-olio-350x100.jpg 350w\" sizes=\"auto, (max-width: 3000px) 100vw, 3000px\" \/><\/div><\/div><\/div><\/div><\/div><\/div><\/div><\/section><section class=\"l-section wpb_row height_small\"><div class=\"l-section-h i-cf\"><div class=\"g-cols vc_row via_flex valign_top type_default stacking_default\"><div class=\"vc_col-sm-12 wpb_column vc_column_container\"><div class=\"vc_column-inner\"><div class=\"wpb_wrapper\"><div class=\"wpb_text_column us_custom_d7695a54 has_text_color\"><div class=\"wpb_wrapper\"><p style=\"text-align: center;\">Lo trovi in tavola, \u00e8 il nostro olio di famiglia.<\/p>\n<\/div><\/div><div class=\"w-separator size_medium\"><\/div><div class=\"wpb_text_column\"><div class=\"wpb_wrapper\"><p style=\"text-align: center;\">Un piacere genuino e unico, perch\u00e9 nasce dalle olive del Gattarella e della campagna adiacente, \u00e8 il frutto di una lunga tradizione di famiglia e prende il nome da Natale, il pap\u00e0 di Gino, che prima di essere un albergatore era un agricoltore.<br \/>\nSiamo felici di condividere con i nostri ospiti e amici un olio dal sapore inconfondibile che sprigiona tutto il profumo del Gargano: una passione di generazione in generazione, un piacere di tavola in tavola.<\/p>\n<\/div><\/div><\/div><\/div><\/div><\/div><\/div><\/section><section class=\"l-section wpb_row height_auto width_full\"><div class=\"l-section-h i-cf\"><div class=\"g-cols vc_row via_flex valign_top type_default stacking_default\"><div class=\"vc_col-sm-12 wpb_column vc_column_container\"><div class=\"vc_column-inner\"><div class=\"wpb_wrapper\"><div class=\"w-image align_center\"><div class=\"w-image-h\"><img decoding=\"async\" width=\"1505\" height=\"1024\" src=\"https:\/\/www.gattarella.it\/wp-content\/uploads\/2023\/05\/al-gattarella-olio-1505x1024.png\" class=\"attachment-us_1980_1024 size-us_1980_1024\" alt=\"\" loading=\"lazy\" srcset=\"https:\/\/www.gattarella.it\/wp-content\/uploads\/2023\/05\/al-gattarella-olio-1505x1024.png 1505w, https:\/\/www.gattarella.it\/wp-content\/uploads\/2023\/05\/al-gattarella-olio-300x204.png 300w, https:\/\/www.gattarella.it\/wp-content\/uploads\/2023\/05\/al-gattarella-olio-1024x697.png 1024w\" sizes=\"auto, (max-width: 1505px) 100vw, 1505px\" \/><\/div><\/div><\/div><\/div><\/div><\/div><\/div><\/section>\n","protected":false},"excerpt":{"rendered":"Il Gargano in ogni gocciaL\u2019olio del Gattarella, dai rami alle tavole La filiera cortissima del nostro resort per una vacanza dal sapore unico. Anche quest\u2019anno abbiamo fatto la raccolta delle olive nelle tenute del Gattarella: un rito che ci tramandiamo di generazione in generazione, una festa che riunisce tutta la famiglia per ricevere i doni...","protected":false},"author":1,"featured_media":0,"parent":0,"menu_order":0,"comment_status":"closed","ping_status":"closed","template":"","meta":{"_acf_changed":false,"footnotes":""},"class_list":["post-1835","page","type-page","status-publish","hentry"],"acf":[],"yoast_head":"<!-- This site is optimized with the Yoast SEO plugin v27.5 - https:\/\/yoast.com\/product\/yoast-seo-wordpress\/ -->\n<title>Natolio, the Gattarella oil | Gattarella Family Resort<\/title>\n<meta name=\"robots\" content=\"index, follow, max-snippet:-1, max-image-preview:large, max-video-preview:-1\" \/>\n<link rel=\"canonical\" href=\"https:\/\/www.gattarella.it\/en\/natolio-the-gattarella-oil\/\" \/>\n<meta property=\"og:locale\" content=\"en_US\" \/>\n<meta property=\"og:type\" content=\"article\" \/>\n<meta property=\"og:title\" content=\"Natolio, the Gattarella oil | Gattarella Family Resort\" \/>\n<meta property=\"og:url\" content=\"https:\/\/www.gattarella.it\/en\/natolio-the-gattarella-oil\/\" \/>\n<meta property=\"og:site_name\" content=\"Gattarella Family Resort\" \/>\n<meta property=\"article:publisher\" content=\"https:\/\/www.facebook.com\/Gattarella.family\" \/>\n<meta property=\"article:modified_time\" content=\"2026-01-30T09:35:38+00:00\" \/>\n<meta property=\"og:image\" content=\"https:\/\/www.gattarella.it\/wp-content\/uploads\/2026\/01\/villa.jpg\" \/>\n\t<meta property=\"og:image:width\" content=\"1920\" \/>\n\t<meta property=\"og:image:height\" content=\"1280\" \/>\n\t<meta property=\"og:image:type\" content=\"image\/jpeg\" \/>\n<meta name=\"twitter:card\" content=\"summary_large_image\" \/>\n<meta name=\"twitter:label1\" content=\"Est. reading time\" \/>\n\t<meta name=\"twitter:data1\" content=\"2 minutes\" \/>\n<script type=\"application\/ld+json\" class=\"yoast-schema-graph\">{\"@context\":\"https:\\\/\\\/schema.org\",\"@graph\":[{\"@type\":\"WebPage\",\"@id\":\"https:\\\/\\\/www.gattarella.it\\\/en\\\/natolio-the-gattarella-oil\\\/\",\"url\":\"https:\\\/\\\/www.gattarella.it\\\/en\\\/natolio-the-gattarella-oil\\\/\",\"name\":\"Natolio, the Gattarella oil | Gattarella Family Resort\",\"isPartOf\":{\"@id\":\"https:\\\/\\\/www.gattarella.it\\\/en\\\/#website\"},\"datePublished\":\"2023-05-06T10:08:00+00:00\",\"dateModified\":\"2026-01-30T09:35:38+00:00\",\"breadcrumb\":{\"@id\":\"https:\\\/\\\/www.gattarella.it\\\/en\\\/natolio-the-gattarella-oil\\\/#breadcrumb\"},\"inLanguage\":\"en-US\",\"potentialAction\":[{\"@type\":\"ReadAction\",\"target\":[\"https:\\\/\\\/www.gattarella.it\\\/en\\\/natolio-the-gattarella-oil\\\/\"]}]},{\"@type\":\"BreadcrumbList\",\"@id\":\"https:\\\/\\\/www.gattarella.it\\\/en\\\/natolio-the-gattarella-oil\\\/#breadcrumb\",\"itemListElement\":[{\"@type\":\"ListItem\",\"position\":1,\"name\":\"home\",\"item\":\"https:\\\/\\\/www.gattarella.it\\\/en\\\/\"},{\"@type\":\"ListItem\",\"position\":2,\"name\":\"Natolio, the Gattarella oil\"}]},{\"@type\":\"WebSite\",\"@id\":\"https:\\\/\\\/www.gattarella.it\\\/en\\\/#website\",\"url\":\"https:\\\/\\\/www.gattarella.it\\\/en\\\/\",\"name\":\"Gattarella Family Resort\",\"description\":\"\",\"potentialAction\":[{\"@type\":\"SearchAction\",\"target\":{\"@type\":\"EntryPoint\",\"urlTemplate\":\"https:\\\/\\\/www.gattarella.it\\\/en\\\/?s={search_term_string}\"},\"query-input\":{\"@type\":\"PropertyValueSpecification\",\"valueRequired\":true,\"valueName\":\"search_term_string\"}}],\"inLanguage\":\"en-US\"}]}<\/script>\n<!-- \/ Yoast SEO plugin. -->","yoast_head_json":{"title":"Natolio, the Gattarella oil | Gattarella Family Resort","robots":{"index":"index","follow":"follow","max-snippet":"max-snippet:-1","max-image-preview":"max-image-preview:large","max-video-preview":"max-video-preview:-1"},"canonical":"https:\/\/www.gattarella.it\/en\/natolio-the-gattarella-oil\/","og_locale":"en_US","og_type":"article","og_title":"Natolio, the Gattarella oil | Gattarella Family Resort","og_url":"https:\/\/www.gattarella.it\/en\/natolio-the-gattarella-oil\/","og_site_name":"Gattarella Family Resort","article_publisher":"https:\/\/www.facebook.com\/Gattarella.family","article_modified_time":"2026-01-30T09:35:38+00:00","og_image":[{"width":1920,"height":1280,"url":"https:\/\/www.gattarella.it\/wp-content\/uploads\/2026\/01\/villa.jpg","type":"image\/jpeg"}],"twitter_card":"summary_large_image","twitter_misc":{"Est. reading time":"2 minutes"},"schema":{"@context":"https:\/\/schema.org","@graph":[{"@type":"WebPage","@id":"https:\/\/www.gattarella.it\/en\/natolio-the-gattarella-oil\/","url":"https:\/\/www.gattarella.it\/en\/natolio-the-gattarella-oil\/","name":"Natolio, the Gattarella oil | Gattarella Family Resort","isPartOf":{"@id":"https:\/\/www.gattarella.it\/en\/#website"},"datePublished":"2023-05-06T10:08:00+00:00","dateModified":"2026-01-30T09:35:38+00:00","breadcrumb":{"@id":"https:\/\/www.gattarella.it\/en\/natolio-the-gattarella-oil\/#breadcrumb"},"inLanguage":"en-US","potentialAction":[{"@type":"ReadAction","target":["https:\/\/www.gattarella.it\/en\/natolio-the-gattarella-oil\/"]}]},{"@type":"BreadcrumbList","@id":"https:\/\/www.gattarella.it\/en\/natolio-the-gattarella-oil\/#breadcrumb","itemListElement":[{"@type":"ListItem","position":1,"name":"home","item":"https:\/\/www.gattarella.it\/en\/"},{"@type":"ListItem","position":2,"name":"Natolio, the Gattarella oil"}]},{"@type":"WebSite","@id":"https:\/\/www.gattarella.it\/en\/#website","url":"https:\/\/www.gattarella.it\/en\/","name":"Gattarella Family Resort","description":"","potentialAction":[{"@type":"SearchAction","target":{"@type":"EntryPoint","urlTemplate":"https:\/\/www.gattarella.it\/en\/?s={search_term_string}"},"query-input":{"@type":"PropertyValueSpecification","valueRequired":true,"valueName":"search_term_string"}}],"inLanguage":"en-US"}]}},"_links":{"self":[{"href":"https:\/\/www.gattarella.it\/en\/wp-json\/wp\/v2\/pages\/1835","targetHints":{"allow":["GET"]}}],"collection":[{"href":"https:\/\/www.gattarella.it\/en\/wp-json\/wp\/v2\/pages"}],"about":[{"href":"https:\/\/www.gattarella.it\/en\/wp-json\/wp\/v2\/types\/page"}],"author":[{"embeddable":true,"href":"https:\/\/www.gattarella.it\/en\/wp-json\/wp\/v2\/users\/1"}],"replies":[{"embeddable":true,"href":"https:\/\/www.gattarella.it\/en\/wp-json\/wp\/v2\/comments?post=1835"}],"version-history":[{"count":2,"href":"https:\/\/www.gattarella.it\/en\/wp-json\/wp\/v2\/pages\/1835\/revisions"}],"predecessor-version":[{"id":3970,"href":"https:\/\/www.gattarella.it\/en\/wp-json\/wp\/v2\/pages\/1835\/revisions\/3970"}],"wp:attachment":[{"href":"https:\/\/www.gattarella.it\/en\/wp-json\/wp\/v2\/media?parent=1835"}],"curies":[{"name":"wp","href":"https:\/\/api.w.org\/{rel}","templated":true}]}}